{"id":2396,"date":"2022-05-01T13:50:27","date_gmt":"2022-05-01T11:50:27","guid":{"rendered":"https:\/\/pscsvh.com\/politica-de-cookies\/"},"modified":"2022-06-04T14:22:25","modified_gmt":"2022-06-04T12:22:25","slug":"politica-de-cookies","status":"publish","type":"page","link":"https:\/\/pscsvh.com\/ca\/politica-de-cookies\/","title":{"rendered":"Pol\u00edtica de Cookies"},"content":{"rendered":"\n<p>En compliment de la &#8220;Llei de Serveis de la Societat de la Informaci\u00f3 i Comer\u00e7 Electr\u00f2nic&#8221; (LSSICE), \u00e9s d&#8217;obligaci\u00f3 obtenir el Consentiment expr\u00e9s de l&#8217;usuari de Totes les p\u00e0gines web que usen cookies prescindibles, abans que aquest hi navegui.<\/p>\n\n\n\n<p>En conseq\u00fc\u00e8ncia, a continuaci\u00f3, expliquem qu\u00e8 s\u00f3n les galetes, per a qu\u00e8 serveixen, i com Reduir text <br> configurar-les o desactivar-les si aix\u00ed ho voleu. A m\u00e9s, us informem dels tipus de cookies que existeixen, i amb quina finalitat s&#8217;utilitzen.<\/p>\n\n\n\n<p>En www.socialistes.cat utilitzem cookies per a garantit el Funcionament de la nostra web, aix\u00ed com per a millor sobre Continguts a trav\u00e9s de l&#8217;an\u00e0lisi dels H\u00e0bits de navegaci\u00f3 dels usuaris.<\/p>\n\n\n\n<p><strong><br>QU\u00c8 S\u00d3N LES COOKIES?<\/strong><br>Una cookie \u00e9s un petit fitxer de text que s&#8217;emmagatzema en super navegador Quan visita algunes p\u00e0gines web. Su funciones es recuperar informaci\u00f3n Acerca de sobre visitantes. Las cookies Suelen almacenar informaci\u00f3n de car\u00e1cter t\u00e9cnico, preferencias personales, personalizaci\u00f3n de contenidos, estad\u00edsticas de uso, enlaces a redes sociales, acceso a cuentas de usuario, etc. El Objetivo de la cookie se adaptar el contenido de la web en super perfil y Necesidades. Sin cookies los servicios ofrecidos por cualquier p\u00e1gina se verian mermados notablemente.<\/p>\n\n\n\n<p><strong>QUINS TIPUS DE COOKIES existent?<\/strong><\/p>\n\n\n\n<p><strong>1) Segons l&#8217; Entitat que les gestioni<\/strong><br>Segons qui sigui l&#8217; Entitat que gestioni l&#8217; equip o domini des d&#8217; on s&#8217; Envians les cookies i tra les dades que s&#8217; obtinguin, Podem distingir:<\/p>\n\n\n\n<p>a) <strong>Cookies pr\u00f2pies<\/strong>: S\u00f3n aquelles que s&#8217;Envia l&#8217;equip terminal de l&#8217;usuari des d&#8217;un equip o domini gestionat pel mateix editor i des del qual es presta el Servei concessi\u00f3 Data va concedir l&#8217;usuari.<\/p>\n\n\n\n<p>b) <strong>Cookies de tercers:<\/strong> s\u00f3n aquelles que s&#8217; Envians l&#8217; equip terminal de l&#8217; usuari des d&#8217; un equip o domini que no es gestionat per l&#8217; editor, sin\u00f3 por una altra Entitat que tracta les dades obtingudes a trav\u00e9s de les cookies.<\/p>\n\n\n\n<p>En el cas que les cookies Siguin servides des d&#8217;un equip o domini gestionat pel mateix editor, per\u00f2 la informaci\u00f3 que es recullin mitjan\u00e7ant estaria sigui gestionada per un tercer, no pot ser considerades com a cookies Pr\u00f2pies si el tercer les utilitza per a sobre Pr\u00f2pies finalitats , per Exemple, la millor dels serveis que presta o la prestaci\u00f3 de serveis de car\u00e0cter publicitari a favor d&#8217;Altres Entitats.<\/p>\n\n\n\n<p><strong>2) Segons sumi finalitat<\/strong><br>Les dades obtingudes a trav\u00e9s de les cookies es pot tractar per a algunes de les seg\u00fcents finalitats:<\/p>\n\n\n\n<p><strong>a) Cookies t\u00e8cniques:<\/strong> s\u00f3n aquelles que permeti a l&#8217;usuari la navegaci\u00f3 a trav\u00e9s d&#8217;una p\u00e0gina web, plataforma o aplicaci\u00f3 i la utilitzaci\u00f3 de les diferents opcions o serveis que hi hagi, incloent aquelles que l&#8217;editor utilitza per permetre&#8217;ns la gesti\u00f3 i operativa de la p\u00e0gina web i habilitar sobre funcions i serveis, per Exemple,&nbsp; controlar el tr\u00e0nsit i la comunicaci\u00f3 de dades, identificar la sessi\u00f3, accedir a zones restringides, recordar els elements que integren una comanda, realitzar el Proc\u00e9s de compra d&#8217;una comanda, gestionar el pagament, controlar el frau a la seguretat del Servei, realitzar la sol\u00b7licitud d&#8217;inscripci\u00f3 o participaci\u00f3 en un esdeveniment, comptar visites a gamma de projectors la facturaci\u00f3 del programari amb el qual funciona el Servei (lloc web,&nbsp; plataforma o aplicaci\u00f3), utilitzar Elements de seguretat durant la navegaci\u00f3, emmagatzemar Continguts per a la difusi\u00f3 de v\u00eddeos o so, habilitar Continguts din\u00e0mics o compartir Continguts a trav\u00e9s de xarxes socials. Tamb\u00e9 pertanyia a aquesta categoria, per la seva naturalesa t\u00e8cnica, aquelles cookies que permeti la gesti\u00f3, de la forma m\u00e9s efica\u00e7 possible, dels Espais publicitaris que, com un element m\u00e9s de disseny o &#8220;maquetaci\u00f3&#8221; del Servei ofert a l&#8217;usuari, l&#8217;editor Haya incl\u00f2s en una p\u00e0gina web, aplicaci\u00f3 o plataforma basant-se en Criteris com el contingut editada,&nbsp; sense que es recopili informaci\u00f3 dels usuaris amb fines diferents, com Pot ser personalitzar aquest contingut publicitari o Altres Continguts. Les cookies t\u00e8cniques estaran exceptuades del compliment de les obligacions establertes a l&#8217;article 22.2 de la LSSI Quan permetin prestar el Servei concessi\u00f3 Data va concessi\u00f3 l&#8217;usuari, com ocorria en el cas de les cookies enumerades en els parrafos anteriors. No obstant aix\u00f2, si aquestes cookies s&#8217;utilitzen tamb\u00e9 per a finalitats no exemptes quedaran subjectes a aquestes obligacions.<\/p>\n\n\n\n<p><strong>b) Cookies de prefer\u00e8ncies o personalitzaci\u00f3:<\/strong> s\u00f3n aquelles que permetin recordar informaci\u00f3 perqu\u00e8 l&#8217; usuari accedir al Servei amb determinades caracter\u00edstiques que puc diferenciar sumi experi\u00e8ncia de la d&#8217; Altres usuaris, per Exemple, l&#8217; idioma, el nombre de resultats a mostrar Quan l&#8217; usuari realitza una recerca, l&#8217; aspectes o contingut del Servei en funcions del tipus de navegador a trav\u00e9s del qual l&#8217; usuari Accedeix al Servei o de la regi\u00f3 des de la que Accedeix al Servei, etc. Si \u00e9s el mateix usuari qui Tria aquestes caracter\u00edstiques, per Exemple, si selecciona l&#8217;idioma d&#8217;un lloc web clicant en la icona de la bandera del pa\u00eds corres\u00c2pondent, les cookies estaran exceptuades de les obligacions de l&#8217;article 22.2 de la LSSI por considerar-se un Servei expressament l&#8217;usuari, sempre que les cookies obeeixin exclusivament a la finalitat seleccionada.<\/p>\n\n\n\n<p><strong>c) Cookies d&#8217; an\u00e0lisi o mesurament:<\/strong> s\u00f3n aquelles que permeti al responsable de la mateixa, el Seguiment i an\u00e0lisi del Comportament dels usuaris dels Llocs Web als quals estan vinculades, inclosa la quantificaci\u00f3 dels Impactes dels anuncis. La informaci\u00f3 recollida mitjan\u00e7ant aquest tipus de cookies s&#8217;utilitza en el mesurament de l&#8217;activitat dels Llocs Web, aplicaci\u00f3 o plataforma, per tal d&#8217;introduir Millores en funcions de l&#8217;an\u00e0lisi de les dades d&#8217;\u00fas que Fan els usuaris del Servei. Respecte al Tractament de dades recaptades a trav\u00e9s de les cookies d&#8217;an\u00e0lisi, el GT29 manifest que, tot i que no estan exemptes del deure d&#8217;obtenir un consentiment informat per a sumi \u00fas, \u00e9s poc probable que representen un Merkel per a la privacitat dels usuaris sempre que es tracti de cookies de primera Part,&nbsp; que Tracte dades agregades amb una finalitat estrictament estad\u00edstica, que es faciliti informaci\u00f3 sobre sobre usos i s&#8217;inclogui la POSSIBILITAT que els usuaris manifesten sumi negativa sobre la seva UTILITZACI\u00d3.<\/p>\n\n\n\n<p><strong>d) Cookies de publicitat comportamental:<\/strong> s\u00f3n aquelles que emmagatzemen informaci\u00f3 del Comportament dels usuaris obtinguda a trav\u00e9s de l&#8217; Observaci\u00f3 continuada de sobre H\u00e0bits de navegaci\u00f3, el qual Permet que desenvolupar un perfil espec\u00edfic per mostrar publicitat en Funcions d&#8217; aquest.<\/p>\n\n\n\n<p>En tot cas, s&#8217; Important tenir en Compte que aquestes tipologies s&#8217; oferia a t\u00edtol orientatiu pot ser les m\u00e9s habituals. Els editors i els Tercers podran realitzar les categoritzacions que millor s&#8217;ajusten a les finalitats de les cookies que utilitzen, de manera que es respecte el principi de transpar\u00e8ncia enfront dels usuaris.<\/p>\n\n\n\n<p><strong>3) Segons la Pla\u00e7a de temps que romanen activades<\/strong><br>Segons el termini de temps que romanen activades en l&#8217; equip terminal podem distingir:<\/p>\n\n\n\n<p><strong>a) Cookies de sessi\u00f3:<\/strong> s\u00f3n aquelles dissenyades per recaptar i emmagatzemar dades Mentre l&#8217;usuari Accedeix a una p\u00e0gina web. Se Solen emprar per emmagatzemar informaci\u00f3 que nom\u00e9s interessa conservar per a la prestaci\u00f3 del Servei concessi\u00f3 Data va concedir l&#8217;usuari en una sola OCASI\u00d3, por Exemple, una llista de productes adquirits, i que per tan Desapar\u00e8ixer en acabar la sessi\u00f3.<\/p>\n\n\n\n<p><strong>b) Cookies persistents:<\/strong> s\u00f3n aquelles en qu\u00e8 les dades siguin emmagatzemades al terminal i pot ser accedides i Tractades durant un per\u00edode definit pel responsable de la cookie, i que Reduir text &lt;br&gt; anar d&#8217; Uns minuts a diversos anys.<\/p>\n\n\n\n<p><strong><br>QUINES COOKIES UTILITZEM?<\/strong><br>A continuaci\u00f3, expliquem quines cookies s&#8217;utilitzen a la nostra web, aix\u00ed com sobre caracter\u00edstiques:<\/p>\n\n\n\n<figure class=\"wp-block-table\"><table><thead><tr><td>COOKIES<\/td><td><strong>DESCRIPCI\u00d3<\/strong><strong><\/strong><\/td><\/tr><\/thead><tbody><tr><td><strong>Google Analytics<\/strong><strong><\/strong><\/td><td><\/td><\/tr><tr><td>_gat_gtag_UA_21476889_1<\/td><td>Google fa servir aquesta cookie per distingir els usuaris.<\/td><\/tr><tr><td>_gid<\/td><td>Aquesta cookie \u00e9s instal\u00b7lada per Google Analytics. La cookie s&#8217;utilitza per emmagatzemar informaci\u00f3 sobre com els visitants fan servir un lloc web i ajuda a crear un informe anal\u00edtic de com funciona el lloc web. Les dades recopilades, incloses el nombre de visitants, la font d&#8217;on provenen i les p\u00e0gines, van apar\u00e8ixer de forma an\u00f2nima.<\/td><\/tr><tr><td>_ga<\/td><td>Aquesta cookie \u00e9s instal\u00b7lada per Google Analytics. La galeta s&#8217;utilitza per calcular el visitant, la sessi\u00f3, la fingida camapign i fer un seguiment de l&#8217;\u00fas del lloc per a l&#8217;informe d&#8217;an\u00e0lisi del lloc. Les cookies emmagatzemen informaci\u00f3 de forma an\u00f2nima i asignen un n\u00famero de randoly generat per identificar visitants \u00fanics.<\/td><\/tr><tr><td>GPS<\/td><td>YouTube configura aquesta cookie i registra una identificaci\u00f3 \u00fanica per rastrejar els usuaris en funci\u00f3 de la seva ubicaci\u00f3 geogr\u00e0fica<\/td><\/tr><tr><td><strong>Publicitat<\/strong><strong><\/strong><\/td><td><\/td><\/tr><tr><td>VA<\/td><td>Utilitzat per Google DoubleClick i emmagatzema informaci\u00f3 sobre com l&#8217;usuari fa servir el lloc web i qualsevol altre anunci abans de visitar el lloc web. Aix\u00f2 s&#8217;utilitza per presentar als usuaris anuncis que els siguin rellevants segons el perfil de l&#8217;usuari.<\/td><\/tr><tr><td>VISITOR_INFO1_LIVE<\/td><td>Aquesta cookie \u00e9s establerta per Youtube. S&#8217;utilitza per rastrejar la informaci\u00f3 dels v\u00eddeos incrustats de YouTube en un lloc web.<\/td><\/tr><tr><td><strong>rendiment<\/strong><strong><\/strong><\/td><td><\/td><\/tr><tr><td>YSC<\/td><td>YouTube configura aquestes cookies i s&#8217;utilitza per rastrejar les vistes de v\u00eddeos incrustats.<\/td><\/tr><tr><td><strong>Funcionals<\/strong><strong><\/strong><\/td><td><\/td><\/tr><tr><td>mitj\u00e0<\/td><td>La cookie \u00e9s septiembre per Instagram. La cookie s&#8217;utilitza per distingir els usuaris i mostrar contingut rellevant, per a una millor experi\u00e8ncia i seguretat de l&#8217;usuari.<\/td><\/tr><\/tbody><\/table><\/figure>\n\n\n\n<p><strong>COM CONFIGURAR LES COOKIES?<\/strong><br>Pot acceptar o Rebutjar l&#8217;\u00fas de cookies a trav\u00e9s del centre de configuraci\u00f3 de cookies. (Link) Per poder accedir al centre de configuraci\u00f3 el podr\u00e0 accedir des del missatge d&#8217;informaci\u00f3 b\u00e0sica o des del link que apareix en aquest apartada de la pol\u00edtica. En aquest centre podr\u00e0 consentir i \/ o retirar un Consentiment anterior sobre l&#8217;\u00fas de les cookies. Ha de tenir en compte que la revocaci\u00f3 de cookies de Tercers no comportar l&#8217; eliminaci\u00f3 de les ja existents. Aquesta acci\u00f3 la deu acer mitjan\u00e7ant la configuraci\u00f3 de super navegador.<\/p>\n\n\n\n<p><strong>Configuraci\u00f3 del navegador<\/strong><\/p>\n\n\n\n<p><br><a href=\"http:\/\/support.google.com\/chrome\/answer\/95647?hl=es\">http:\/\/support.google.com\/chrome\/answer\/95647?hl=es<\/a> de Chrome<\/p>\n\n\n\n<p><br><a href=\"https:\/\/support.microsoft.com\/es-es\/kb\/278835\">https:\/\/support.microsoft.com\/es-es\/kb\/278835 de l&#8217;Internet<\/a> Explorer<\/p>\n\n\n\n<p><br><a href=\"https:\/\/www.mozilla.org\/es-ES\/privacy\/websites\/#cookies\">https:\/\/www.mozilla.org\/es-ES\/privacy\/websites\/#cookies<\/a> del Firefox<\/p>\n\n\n\n<p><strong>safari Versi\u00f3<\/strong><br><a href=\"http:\/\/support.apple.com\/kb\/PH5042\">http:\/\/support.apple.com\/kb\/PH5042<\/a><\/p>\n\n\n\n<p><br><a href=\"https:\/\/help.opera.com\/en\/latest\/web-preferences\/\">https:\/\/help.opera.com\/en\/latest\/web-preferences\/<\/a> d&#8217;\u00f2pera<\/p>\n\n\n\n<p><strong>Altres navegadors<\/strong><br>Consulteu la documentaci\u00f3 del navegador que entengui instal\u00b7lada.<\/p>\n\n\n\n<p><strong>NOTES adDICIONALS<\/strong><\/p>\n\n\n\n<ol class=\"wp-block-list\" type=\"1\"><li>Aquesta web i els seus representants legals de no es Fan responsables del contingut ni de la veracitat de les pol\u00edtiques de privacitat que puguin tenir els Tercers esmentats en aquesta pol\u00edtica de cookies.<\/li><li>Els navegadors web s\u00f3n les eines encarregades d&#8217;emmagatzemar les cookies i des d&#8217;aquest Lloc Ha d&#8217;efectuar sume dret o desactivaci\u00f3. Ni aquesta web ni sobre representants legals de potser garantint la correcta o incorrecta manipulaci\u00f3 de les cookies a part del portal els esmentats navegadors.<\/li><li>En Alguns casos es Necessari instal\u00b7lar cookies perqu\u00e8 el navegador no oblidi sumi decisi\u00f3 de no Acceptaci\u00f3.<\/li><li>En cas de les cookies de Google Analytics, aquesta empresa emmagatzema les cookies en servidores ubicats als Estats Units i es va comprometre a no compartir-la amb Tercers, excepte en els casos en qu\u00e8 sigui Necessari per al Funcionament del sistema o Quan la llei obligui a aquest efecte. Segons Google no guarda sume adre\u00e7a IP. Google Inc. \u00e9s una companyia adherida a l&#8217;Acord de Port Segur que Garanteix que totes les dades transferides seran Tractades amb un nivell de protecci\u00f3 d&#8217;acord amb la normativa europea. Si guarda informaci\u00f3 sobre l&#8217;\u00fas que Google dona a les cookies li adjuntem aquest Un altre enlla\u00e7.<\/li><\/ol>\n\n\n\n<p>Per a qualsevol dubte o consulta Sobre aquesta pol\u00edtica de cookies no dubti a comunicar-se amb nosaltres utilitzant qualsevol dels M\u00e8todes de contacte que figuren al peu d&#8217;aquesta p\u00e0gina web.<\/p>\n","protected":false},"excerpt":{"rendered":"<p>En compliment de la &#8220;Llei de Serveis de la Societat de la Informaci\u00f3 i Comer\u00e7 Electr\u00f2nic&#8221; (LSSICE), \u00e9s d&#8217;obligaci\u00f3 obtenir el Consentiment expr\u00e9s de l&#8217;usuari de Totes les p\u00e0gines web que usen cookies prescindibles, abans que aquest hi navegui. En conseq\u00fc\u00e8ncia, a continuaci\u00f3, expliquem qu\u00e8 s\u00f3n les galetes, per a qu\u00e8 serveixen, i com Reduir [&hellip;]<\/p>\n","protected":false},"author":1,"featured_media":0,"parent":0,"menu_order":0,"comment_status":"closed","ping_status":"closed","template":"","meta":{"_citadela_hide_page_title":"","_citadela_remove_header_space":"","_citadela_custom_class":"","_citadela_half_map_provider":"","_citadela_half_map_theme":"","_citadela_half_map_themeOSM":"","_citadela_half_map_customTheme":"","_citadela_half_map_dataType":"","_citadela_half_map_dynamicTrack":false,"_citadela_half_map_trackColor":"","_citadela_half_map_trackEndpointsColor":"","_citadela_half_map_filterCategory":"","_citadela_half_map_filterLocation":"","_citadela_half_map_filterFeatured":false,"_citadela_half_map_noDataBehavior":"empty-map","_citadela_half_map_noDataText":"","_citadela_half_map_clusterGridSize":80,"_citadela_header":false,"_citadela_header_over_content":false,"_citadela_header_text_color":"","_citadela_header_logo":[],"_citadela_header_bg_image":[],"_citadela_header_bg_position":[],"_citadela_header_bg_size":"","_citadela_header_bg_repeat":"","_citadela_header_bg_fixed":false,"_citadela_header_bg_color":"","_citadela_header_bg_image_overlay":"","_citadela_header_transparent_bg":false,"_citadela_content_width":"","_citadela_half_layout_position":"","footnotes":""},"class_list":["post-2396","page","type-page","status-publish","hentry"],"yoast_head":"<!-- This site is optimized with the Yoast SEO plugin v24.7 - https:\/\/yoast.com\/wordpress\/plugins\/seo\/ -->\n<title>Pol\u00edtica de Cookies - PSC SVH<\/title>\n<meta name=\"robots\" content=\"index, follow, max-snippet:-1, max-image-preview:large, max-video-preview:-1\" \/>\n<link rel=\"canonical\" href=\"https:\/\/pscsvh.com\/ca\/politica-de-cookies\/\" \/>\n<meta property=\"og:locale\" content=\"ca_ES\" \/>\n<meta property=\"og:type\" content=\"article\" \/>\n<meta property=\"og:title\" content=\"Pol\u00edtica de Cookies - PSC SVH\" \/>\n<meta property=\"og:description\" content=\"En compliment de la &#8220;Llei de Serveis de la Societat de la Informaci\u00f3 i Comer\u00e7 Electr\u00f2nic&#8221; (LSSICE), \u00e9s d&#8217;obligaci\u00f3 obtenir el Consentiment expr\u00e9s de l&#8217;usuari de Totes les p\u00e0gines web que usen cookies prescindibles, abans que aquest hi navegui. En conseq\u00fc\u00e8ncia, a continuaci\u00f3, expliquem qu\u00e8 s\u00f3n les galetes, per a qu\u00e8 serveixen, i com Reduir [&hellip;]\" \/>\n<meta property=\"og:url\" content=\"https:\/\/pscsvh.com\/ca\/politica-de-cookies\/\" \/>\n<meta property=\"og:site_name\" content=\"PSC SVH\" \/>\n<meta property=\"article:modified_time\" content=\"2022-06-04T12:22:25+00:00\" \/>\n<meta name=\"twitter:card\" content=\"summary_large_image\" \/>\n<meta name=\"twitter:label1\" content=\"Temps estimat de lectura\" \/>\n\t<meta name=\"twitter:data1\" content=\"9 minuts\" \/>\n<script type=\"application\/ld+json\" class=\"yoast-schema-graph\">{\"@context\":\"https:\/\/schema.org\",\"@graph\":[{\"@type\":\"WebPage\",\"@id\":\"https:\/\/pscsvh.com\/ca\/politica-de-cookies\/\",\"url\":\"https:\/\/pscsvh.com\/ca\/politica-de-cookies\/\",\"name\":\"Pol\u00edtica de Cookies - PSC SVH\",\"isPartOf\":{\"@id\":\"https:\/\/pscsvh.com\/ca\/#website\"},\"datePublished\":\"2022-05-01T11:50:27+00:00\",\"dateModified\":\"2022-06-04T12:22:25+00:00\",\"breadcrumb\":{\"@id\":\"https:\/\/pscsvh.com\/ca\/politica-de-cookies\/#breadcrumb\"},\"inLanguage\":\"ca\",\"potentialAction\":[{\"@type\":\"ReadAction\",\"target\":[\"https:\/\/pscsvh.com\/ca\/politica-de-cookies\/\"]}]},{\"@type\":\"BreadcrumbList\",\"@id\":\"https:\/\/pscsvh.com\/ca\/politica-de-cookies\/#breadcrumb\",\"itemListElement\":[{\"@type\":\"ListItem\",\"position\":1,\"name\":\"Portada\",\"item\":\"https:\/\/pscsvh.com\/ca\/\"},{\"@type\":\"ListItem\",\"position\":2,\"name\":\"Pol\u00edtica de Cookies\"}]},{\"@type\":\"WebSite\",\"@id\":\"https:\/\/pscsvh.com\/ca\/#website\",\"url\":\"https:\/\/pscsvh.com\/ca\/\",\"name\":\"PSC SVH\",\"description\":\"El cambio que suma\",\"publisher\":{\"@id\":\"https:\/\/pscsvh.com\/ca\/#organization\"},\"potentialAction\":[{\"@type\":\"SearchAction\",\"target\":{\"@type\":\"EntryPoint\",\"urlTemplate\":\"https:\/\/pscsvh.com\/ca\/?s={search_term_string}\"},\"query-input\":{\"@type\":\"PropertyValueSpecification\",\"valueRequired\":true,\"valueName\":\"search_term_string\"}}],\"inLanguage\":\"ca\"},{\"@type\":\"Organization\",\"@id\":\"https:\/\/pscsvh.com\/ca\/#organization\",\"name\":\"PSC SVH\",\"url\":\"https:\/\/pscsvh.com\/ca\/\",\"logo\":{\"@type\":\"ImageObject\",\"inLanguage\":\"ca\",\"@id\":\"https:\/\/pscsvh.com\/ca\/#\/schema\/logo\/image\/\",\"url\":\"https:\/\/pscsvh.com\/wp-content\/uploads\/2022\/06\/cropped-Logo_SVh2-300x158-1.png\",\"contentUrl\":\"https:\/\/pscsvh.com\/wp-content\/uploads\/2022\/06\/cropped-Logo_SVh2-300x158-1.png\",\"width\":300,\"height\":158,\"caption\":\"PSC SVH\"},\"image\":{\"@id\":\"https:\/\/pscsvh.com\/ca\/#\/schema\/logo\/image\/\"}}]}<\/script>\n<!-- \/ Yoast SEO plugin. -->","yoast_head_json":{"title":"Pol\u00edtica de Cookies - PSC SVH","robots":{"index":"index","follow":"follow","max-snippet":"max-snippet:-1","max-image-preview":"max-image-preview:large","max-video-preview":"max-video-preview:-1"},"canonical":"https:\/\/pscsvh.com\/ca\/politica-de-cookies\/","og_locale":"ca_ES","og_type":"article","og_title":"Pol\u00edtica de Cookies - PSC SVH","og_description":"En compliment de la &#8220;Llei de Serveis de la Societat de la Informaci\u00f3 i Comer\u00e7 Electr\u00f2nic&#8221; (LSSICE), \u00e9s d&#8217;obligaci\u00f3 obtenir el Consentiment expr\u00e9s de l&#8217;usuari de Totes les p\u00e0gines web que usen cookies prescindibles, abans que aquest hi navegui. En conseq\u00fc\u00e8ncia, a continuaci\u00f3, expliquem qu\u00e8 s\u00f3n les galetes, per a qu\u00e8 serveixen, i com Reduir [&hellip;]","og_url":"https:\/\/pscsvh.com\/ca\/politica-de-cookies\/","og_site_name":"PSC SVH","article_modified_time":"2022-06-04T12:22:25+00:00","twitter_card":"summary_large_image","twitter_misc":{"Temps estimat de lectura":"9 minuts"},"schema":{"@context":"https:\/\/schema.org","@graph":[{"@type":"WebPage","@id":"https:\/\/pscsvh.com\/ca\/politica-de-cookies\/","url":"https:\/\/pscsvh.com\/ca\/politica-de-cookies\/","name":"Pol\u00edtica de Cookies - PSC SVH","isPartOf":{"@id":"https:\/\/pscsvh.com\/ca\/#website"},"datePublished":"2022-05-01T11:50:27+00:00","dateModified":"2022-06-04T12:22:25+00:00","breadcrumb":{"@id":"https:\/\/pscsvh.com\/ca\/politica-de-cookies\/#breadcrumb"},"inLanguage":"ca","potentialAction":[{"@type":"ReadAction","target":["https:\/\/pscsvh.com\/ca\/politica-de-cookies\/"]}]},{"@type":"BreadcrumbList","@id":"https:\/\/pscsvh.com\/ca\/politica-de-cookies\/#breadcrumb","itemListElement":[{"@type":"ListItem","position":1,"name":"Portada","item":"https:\/\/pscsvh.com\/ca\/"},{"@type":"ListItem","position":2,"name":"Pol\u00edtica de Cookies"}]},{"@type":"WebSite","@id":"https:\/\/pscsvh.com\/ca\/#website","url":"https:\/\/pscsvh.com\/ca\/","name":"PSC SVH","description":"El cambio que suma","publisher":{"@id":"https:\/\/pscsvh.com\/ca\/#organization"},"potentialAction":[{"@type":"SearchAction","target":{"@type":"EntryPoint","urlTemplate":"https:\/\/pscsvh.com\/ca\/?s={search_term_string}"},"query-input":{"@type":"PropertyValueSpecification","valueRequired":true,"valueName":"search_term_string"}}],"inLanguage":"ca"},{"@type":"Organization","@id":"https:\/\/pscsvh.com\/ca\/#organization","name":"PSC SVH","url":"https:\/\/pscsvh.com\/ca\/","logo":{"@type":"ImageObject","inLanguage":"ca","@id":"https:\/\/pscsvh.com\/ca\/#\/schema\/logo\/image\/","url":"https:\/\/pscsvh.com\/wp-content\/uploads\/2022\/06\/cropped-Logo_SVh2-300x158-1.png","contentUrl":"https:\/\/pscsvh.com\/wp-content\/uploads\/2022\/06\/cropped-Logo_SVh2-300x158-1.png","width":300,"height":158,"caption":"PSC SVH"},"image":{"@id":"https:\/\/pscsvh.com\/ca\/#\/schema\/logo\/image\/"}}]}},"_links":{"self":[{"href":"https:\/\/pscsvh.com\/ca\/wp-json\/wp\/v2\/pages\/2396","targetHints":{"allow":["GET"]}}],"collection":[{"href":"https:\/\/pscsvh.com\/ca\/wp-json\/wp\/v2\/pages"}],"about":[{"href":"https:\/\/pscsvh.com\/ca\/wp-json\/wp\/v2\/types\/page"}],"author":[{"embeddable":true,"href":"https:\/\/pscsvh.com\/ca\/wp-json\/wp\/v2\/users\/1"}],"replies":[{"embeddable":true,"href":"https:\/\/pscsvh.com\/ca\/wp-json\/wp\/v2\/comments?post=2396"}],"version-history":[{"count":3,"href":"https:\/\/pscsvh.com\/ca\/wp-json\/wp\/v2\/pages\/2396\/revisions"}],"predecessor-version":[{"id":2408,"href":"https:\/\/pscsvh.com\/ca\/wp-json\/wp\/v2\/pages\/2396\/revisions\/2408"}],"wp:attachment":[{"href":"https:\/\/pscsvh.com\/ca\/wp-json\/wp\/v2\/media?parent=2396"}],"curies":[{"name":"wp","href":"https:\/\/api.w.org\/{rel}","templated":true}]}}