{"id":2372,"date":"2022-05-12T08:33:32","date_gmt":"2022-05-12T06:33:32","guid":{"rendered":"https:\/\/pscsvh.com\/escola-bressol-petit-mamut\/"},"modified":"2022-06-03T19:43:27","modified_gmt":"2022-06-03T17:43:27","slug":"escola-bressol-petit-mamut","status":"publish","type":"page","link":"https:\/\/pscsvh.com\/ca\/escola-bressol-petit-mamut\/","title":{"rendered":"Escola Bressol Petit Mamut"},"content":{"rendered":"\n<div class=\"wp-block-citadela-blocks-custom-container citadela-block-custom-container size-content bg-type-image inside-space-none bg-size-cover has-overlay\"><div class=\"bg-image-wrapper\" style=\"background-image:url(https:\/\/pscsvh.com\/wp-content\/uploads\/2022\/05\/3.jpg);background-repeat:no-repeat;background-position:51% 63%\"><\/div><div class=\"bg-image-overlay\" style=\"background-color:#ffffff;opacity:0.63\"><\/div><div class=\"inner-holder\">\n<div class=\"wp-block-citadela-blocks-spacer citadela-block-spacer responsive-options loading hide-in-responsive\" data-block-attr=\"{\"desktop\":{\"height\":\"4vw\"},\"mobile\":{\"height\":\"0vw\"}}\" data-block-mobile-breakpoint=\"600\"><div class=\"inner-holder\" style=\"padding-top:4vw\"><\/div><\/div>\n\n\n\n<div style=\"height:80px\" aria-hidden=\"true\" class=\"wp-block-spacer\"><\/div>\n\n\n\n<div class=\"wp-block-group has-background\" style=\"background-color:#ffffff\"><div class=\"wp-block-group__inner-container is-layout-flow wp-block-group-is-layout-flow\">\n<div style=\"height:60px\" aria-hidden=\"true\" class=\"wp-block-spacer\"><\/div>\n\n\n\n<h1 class=\"has-text-align-center wp-block-heading\"><em><strong>Escola Bressol<\/strong><\/em> <em><strong>Petit Mamut<\/strong><\/em><\/h1>\n\n\n\n<p class=\"has-text-align-center\">Despr\u00e9s de l&#8217;adjudicaci\u00f3, les obres de construcci\u00f3 de la nova Escola Bressol Petit Mamut ja estan en marxa i avancen a bon ritme, perqu\u00e8 el projecte sigui una realitat en els propers mesos. <\/p>\n\n\n\n<p class=\"has-text-align-center has-medium-font-size\">Ubicaci\u00f3: <em>C\/ Barcelona 25<\/em><\/p>\n\n\n\n<h2 class=\"has-text-align-center wp-block-heading\"><strong><em>Una realitat<\/em><\/strong><\/h2>\n\n\n\n<div style=\"height:20px\" aria-hidden=\"true\" class=\"wp-block-spacer\"><\/div>\n\n\n\n<hr class=\"wp-block-separator has-css-opacity\"\/>\n\n\n\n<div style=\"height:20px\" aria-hidden=\"true\" class=\"wp-block-spacer\"><\/div>\n<\/div><\/div>\n<\/div><\/div>\n\n\n\n<div style=\"height:20px\" aria-hidden=\"true\" class=\"wp-block-spacer\"><\/div>\n\n\n\n<div class=\"wp-block-citadela-blocks-spacer citadela-block-spacer responsive-options loading hide-in-responsive\" data-block-attr=\"{\"desktop\":{\"height\":\"95px\"},\"mobile\":{\"height\":\"0px\"}}\" data-block-mobile-breakpoint=\"600\"><div class=\"inner-holder\" style=\"padding-top:95px\"><\/div><\/div>\n\n\n\n<div class=\"wp-block-citadela-blocks-custom-container citadela-block-custom-container size-content bg-type-none inside-space-none\"><div class=\"inner-holder\">\n<figure class=\"wp-block-image alignwide size-large\"><img loading=\"lazy\" decoding=\"async\" width=\"2048\" height=\"1226\" src=\"https:\/\/pscsvh.com\/wp-content\/uploads\/2022\/05\/3-1024x613.jpg\" alt=\"\" class=\"wp-image-2279\" srcset=\"https:\/\/pscsvh.com\/wp-content\/uploads\/2022\/05\/3-1024x613.jpg 1024w, https:\/\/pscsvh.com\/wp-content\/uploads\/2022\/05\/3-300x180.jpg 300w, https:\/\/pscsvh.com\/wp-content\/uploads\/2022\/05\/3-768x460.jpg 768w, https:\/\/pscsvh.com\/wp-content\/uploads\/2022\/05\/3-1536x920.jpg 1536w, https:\/\/pscsvh.com\/wp-content\/uploads\/2022\/05\/3.jpg 2048w\" sizes=\"auto, (max-width: 2048px) 100vw, 2048px\" \/><\/figure>\n<\/div><\/div>\n\n\n\n<div class=\"wp-block-citadela-blocks-custom-container citadela-block-custom-container size-wide bg-type-none inside-space-none\"><div class=\"inner-holder\">\n<div style=\"height:20px\" aria-hidden=\"true\" class=\"wp-block-spacer\"><\/div>\n\n\n\n<h2 class=\"has-text-align-center wp-block-heading\"><strong>Com ser\u00e0 la nova Escola Bressol Petit Mamut<\/strong><\/h2>\n\n\n\n<p class=\"has-text-align-center has-medium-font-size\">El projecte l&#8217;ha elaborat l&#8217;equip multidisciplinar de l&#8217;\u00c0rea Metropolitana de Barcelona, amb el suport del personal de l&#8217;actual centre. L&#8217;objectiu \u00e9s que la nova escola sigui moderna, adaptada a les necessitats educatives dels nens i nenes, polivalentment i energ\u00e8ticament sostenible.<\/p>\n\n\n\n<p><\/p>\n\n\n\n<div class=\"wp-block-columns is-layout-flex wp-container-core-columns-is-layout-9d6595d7 wp-block-columns-is-layout-flex\">\n<div class=\"wp-block-column is-layout-flow wp-block-column-is-layout-flow\">\n<p>L&#8217;equipament constar\u00e0 de <strong>dues edificacions<\/strong> diferenciades, seguint les directrius urban\u00edstiques de la parcel\u00b7la, cadascuna disposar\u00e0 de planta baixa i planta pis.<\/p>\n\n\n\n<p>El principal ser\u00e0 el que donar\u00e0 al carrer Barcelona, i es distribuir\u00e0 de la manera seg\u00fcent:<\/p>\n<\/div>\n\n\n\n<div class=\"wp-block-column is-layout-flow wp-block-column-is-layout-flow\">\n<p><strong>Planta baixa:<\/strong> tres aules, la cuina, aix\u00ed com el nucli d&#8217;escales, ascensor i un petit bany pels educadors\/es.<br><strong>Planta primera<\/strong> : espais destinats a direcci\u00f3\/secretaria, c\u00e0mera higi\u00e8nica i espai d&#8217;educadors\/es, aix\u00ed com una sala polivalent i la sala multisensorial.<\/p>\n<\/div>\n<\/div>\n<\/div><\/div>\n\n\n\n<div style=\"height:20px\" aria-hidden=\"true\" class=\"wp-block-spacer\"><\/div>\n\n\n\n<div style=\"height:30px\" aria-hidden=\"true\" class=\"wp-block-spacer\"><\/div>\n\n\n\n<div class=\"wp-block-citadela-blocks-custom-container citadela-block-custom-container size-wide bg-type-none inside-space-none\"><div class=\"inner-holder\">\n<div class=\"wp-block-columns is-layout-flex wp-container-core-columns-is-layout-9d6595d7 wp-block-columns-is-layout-flex\">\n<div class=\"wp-block-column is-layout-flow wp-block-column-is-layout-flow\" style=\"flex-basis:66.66%\">\n<h3 class=\"wp-block-heading\"><strong>Patricia Higueras regidora de PSC a Sant Vicen\u00e7 dels Horts, fa unes declaracions<\/strong><\/h3>\n\n\n\n<p class=\"has-text-align-left\">La regidora d&#8217;Educaci\u00f3, Patricia Higueras, ha explicat: \u201cDespr\u00e9s de l&#8217;adjudicaci\u00f3, les obres de construcci\u00f3 de la nova escola Bressol Petit Mamut ja estan en marxa i avancen a bon ritme, perqu\u00e8 el projecte sigui una realitat en els propers mesos. \u201d.<\/p>\n<\/div>\n\n\n\n<div class=\"wp-block-column is-layout-flow wp-block-column-is-layout-flow\" style=\"flex-basis:33.33%\">\n<div class=\"wp-block-citadela-blocks-spacer citadela-block-spacer responsive-options loading\" data-block-attr=\"{\"desktop\":{\"height\":\"60px\"},\"mobile\":{\"height\":\"40px\"}}\" data-block-mobile-breakpoint=\"600\"><div class=\"inner-holder\" style=\"padding-top:60px\"><\/div><\/div>\n\n\n\n<div class=\"wp-block-buttons is-horizontal is-content-justification-center is-layout-flex wp-container-core-buttons-is-layout-499968f5 wp-block-buttons-is-layout-flex\">\n<div class=\"wp-block-button aligncenter\"><a class=\"wp-block-button__link has-vivid-red-background-color has-background\" href=\"https:\/\/www.instagram.com\/higueras_patricia\/\">Patricia Higueras<\/a><\/div>\n<\/div>\n<\/div>\n<\/div>\n<\/div><\/div>\n\n\n\n<p><\/p>\n","protected":false},"excerpt":{"rendered":"","protected":false},"author":1,"featured_media":0,"parent":0,"menu_order":0,"comment_status":"closed","ping_status":"closed","template":"","meta":{"_citadela_hide_page_title":"1","_citadela_remove_header_space":"1","_citadela_custom_class":"","_citadela_half_map_provider":"","_citadela_half_map_theme":"","_citadela_half_map_themeOSM":"","_citadela_half_map_customTheme":"","_citadela_half_map_dataType":"","_citadela_half_map_dynamicTrack":false,"_citadela_half_map_trackColor":"","_citadela_half_map_trackEndpointsColor":"","_citadela_half_map_filterCategory":"","_citadela_half_map_filterLocation":"","_citadela_half_map_filterFeatured":false,"_citadela_half_map_noDataBehavior":"empty-map","_citadela_half_map_noDataText":"","_citadela_half_map_clusterGridSize":80,"_citadela_header":false,"_citadela_header_over_content":false,"_citadela_header_text_color":"","_citadela_header_logo":[],"_citadela_header_bg_image":[],"_citadela_header_bg_position":{"x":0.5,"y":0.5},"_citadela_header_bg_size":"cover","_citadela_header_bg_repeat":"no-repeat","_citadela_header_bg_fixed":false,"_citadela_header_bg_color":"","_citadela_header_bg_image_overlay":"","_citadela_header_transparent_bg":false,"_citadela_content_width":"","_citadela_half_layout_position":"","footnotes":""},"class_list":["post-2372","page","type-page","status-publish","hentry"],"yoast_head":"<!-- This site is optimized with the Yoast SEO plugin v24.7 - https:\/\/yoast.com\/wordpress\/plugins\/seo\/ -->\n<title>Escola Bressol Petit Mamut - PSC SVH<\/title>\n<meta name=\"robots\" content=\"index, follow, max-snippet:-1, max-image-preview:large, max-video-preview:-1\" \/>\n<link rel=\"canonical\" href=\"https:\/\/pscsvh.com\/ca\/escola-bressol-petit-mamut\/\" \/>\n<meta property=\"og:locale\" content=\"ca_ES\" \/>\n<meta property=\"og:type\" content=\"article\" \/>\n<meta property=\"og:title\" content=\"Escola Bressol Petit Mamut - PSC SVH\" \/>\n<meta property=\"og:url\" content=\"https:\/\/pscsvh.com\/ca\/escola-bressol-petit-mamut\/\" \/>\n<meta property=\"og:site_name\" content=\"PSC SVH\" \/>\n<meta property=\"article:modified_time\" content=\"2022-06-03T17:43:27+00:00\" \/>\n<meta property=\"og:image\" content=\"https:\/\/pscsvh.com\/wp-content\/uploads\/2022\/05\/3-1024x613.jpg\" \/>\n<meta name=\"twitter:card\" content=\"summary_large_image\" \/>\n<meta name=\"twitter:label1\" content=\"Temps estimat de lectura\" \/>\n\t<meta name=\"twitter:data1\" content=\"2 minuts\" \/>\n<script type=\"application\/ld+json\" class=\"yoast-schema-graph\">{\"@context\":\"https:\/\/schema.org\",\"@graph\":[{\"@type\":\"WebPage\",\"@id\":\"https:\/\/pscsvh.com\/ca\/escola-bressol-petit-mamut\/\",\"url\":\"https:\/\/pscsvh.com\/ca\/escola-bressol-petit-mamut\/\",\"name\":\"Escola Bressol Petit Mamut - PSC SVH\",\"isPartOf\":{\"@id\":\"https:\/\/pscsvh.com\/ca\/#website\"},\"primaryImageOfPage\":{\"@id\":\"https:\/\/pscsvh.com\/ca\/escola-bressol-petit-mamut\/#primaryimage\"},\"image\":{\"@id\":\"https:\/\/pscsvh.com\/ca\/escola-bressol-petit-mamut\/#primaryimage\"},\"thumbnailUrl\":\"https:\/\/pscsvh.com\/wp-content\/uploads\/2022\/05\/3-1024x613.jpg\",\"datePublished\":\"2022-05-12T06:33:32+00:00\",\"dateModified\":\"2022-06-03T17:43:27+00:00\",\"breadcrumb\":{\"@id\":\"https:\/\/pscsvh.com\/ca\/escola-bressol-petit-mamut\/#breadcrumb\"},\"inLanguage\":\"ca\",\"potentialAction\":[{\"@type\":\"ReadAction\",\"target\":[\"https:\/\/pscsvh.com\/ca\/escola-bressol-petit-mamut\/\"]}]},{\"@type\":\"ImageObject\",\"inLanguage\":\"ca\",\"@id\":\"https:\/\/pscsvh.com\/ca\/escola-bressol-petit-mamut\/#primaryimage\",\"url\":\"https:\/\/pscsvh.com\/wp-content\/uploads\/2022\/05\/3-1024x613.jpg\",\"contentUrl\":\"https:\/\/pscsvh.com\/wp-content\/uploads\/2022\/05\/3-1024x613.jpg\"},{\"@type\":\"BreadcrumbList\",\"@id\":\"https:\/\/pscsvh.com\/ca\/escola-bressol-petit-mamut\/#breadcrumb\",\"itemListElement\":[{\"@type\":\"ListItem\",\"position\":1,\"name\":\"Portada\",\"item\":\"https:\/\/pscsvh.com\/ca\/\"},{\"@type\":\"ListItem\",\"position\":2,\"name\":\"Escola Bressol Petit Mamut\"}]},{\"@type\":\"WebSite\",\"@id\":\"https:\/\/pscsvh.com\/ca\/#website\",\"url\":\"https:\/\/pscsvh.com\/ca\/\",\"name\":\"PSC SVH\",\"description\":\"El cambio que suma\",\"publisher\":{\"@id\":\"https:\/\/pscsvh.com\/ca\/#organization\"},\"potentialAction\":[{\"@type\":\"SearchAction\",\"target\":{\"@type\":\"EntryPoint\",\"urlTemplate\":\"https:\/\/pscsvh.com\/ca\/?s={search_term_string}\"},\"query-input\":{\"@type\":\"PropertyValueSpecification\",\"valueRequired\":true,\"valueName\":\"search_term_string\"}}],\"inLanguage\":\"ca\"},{\"@type\":\"Organization\",\"@id\":\"https:\/\/pscsvh.com\/ca\/#organization\",\"name\":\"PSC SVH\",\"url\":\"https:\/\/pscsvh.com\/ca\/\",\"logo\":{\"@type\":\"ImageObject\",\"inLanguage\":\"ca\",\"@id\":\"https:\/\/pscsvh.com\/ca\/#\/schema\/logo\/image\/\",\"url\":\"https:\/\/pscsvh.com\/wp-content\/uploads\/2022\/06\/cropped-Logo_SVh2-300x158-1.png\",\"contentUrl\":\"https:\/\/pscsvh.com\/wp-content\/uploads\/2022\/06\/cropped-Logo_SVh2-300x158-1.png\",\"width\":300,\"height\":158,\"caption\":\"PSC SVH\"},\"image\":{\"@id\":\"https:\/\/pscsvh.com\/ca\/#\/schema\/logo\/image\/\"}}]}<\/script>\n<!-- \/ Yoast SEO plugin. -->","yoast_head_json":{"title":"Escola Bressol Petit Mamut - PSC SVH","robots":{"index":"index","follow":"follow","max-snippet":"max-snippet:-1","max-image-preview":"max-image-preview:large","max-video-preview":"max-video-preview:-1"},"canonical":"https:\/\/pscsvh.com\/ca\/escola-bressol-petit-mamut\/","og_locale":"ca_ES","og_type":"article","og_title":"Escola Bressol Petit Mamut - PSC SVH","og_url":"https:\/\/pscsvh.com\/ca\/escola-bressol-petit-mamut\/","og_site_name":"PSC SVH","article_modified_time":"2022-06-03T17:43:27+00:00","og_image":[{"url":"https:\/\/pscsvh.com\/wp-content\/uploads\/2022\/05\/3-1024x613.jpg","type":"","width":"","height":""}],"twitter_card":"summary_large_image","twitter_misc":{"Temps estimat de lectura":"2 minuts"},"schema":{"@context":"https:\/\/schema.org","@graph":[{"@type":"WebPage","@id":"https:\/\/pscsvh.com\/ca\/escola-bressol-petit-mamut\/","url":"https:\/\/pscsvh.com\/ca\/escola-bressol-petit-mamut\/","name":"Escola Bressol Petit Mamut - PSC SVH","isPartOf":{"@id":"https:\/\/pscsvh.com\/ca\/#website"},"primaryImageOfPage":{"@id":"https:\/\/pscsvh.com\/ca\/escola-bressol-petit-mamut\/#primaryimage"},"image":{"@id":"https:\/\/pscsvh.com\/ca\/escola-bressol-petit-mamut\/#primaryimage"},"thumbnailUrl":"https:\/\/pscsvh.com\/wp-content\/uploads\/2022\/05\/3-1024x613.jpg","datePublished":"2022-05-12T06:33:32+00:00","dateModified":"2022-06-03T17:43:27+00:00","breadcrumb":{"@id":"https:\/\/pscsvh.com\/ca\/escola-bressol-petit-mamut\/#breadcrumb"},"inLanguage":"ca","potentialAction":[{"@type":"ReadAction","target":["https:\/\/pscsvh.com\/ca\/escola-bressol-petit-mamut\/"]}]},{"@type":"ImageObject","inLanguage":"ca","@id":"https:\/\/pscsvh.com\/ca\/escola-bressol-petit-mamut\/#primaryimage","url":"https:\/\/pscsvh.com\/wp-content\/uploads\/2022\/05\/3-1024x613.jpg","contentUrl":"https:\/\/pscsvh.com\/wp-content\/uploads\/2022\/05\/3-1024x613.jpg"},{"@type":"BreadcrumbList","@id":"https:\/\/pscsvh.com\/ca\/escola-bressol-petit-mamut\/#breadcrumb","itemListElement":[{"@type":"ListItem","position":1,"name":"Portada","item":"https:\/\/pscsvh.com\/ca\/"},{"@type":"ListItem","position":2,"name":"Escola Bressol Petit Mamut"}]},{"@type":"WebSite","@id":"https:\/\/pscsvh.com\/ca\/#website","url":"https:\/\/pscsvh.com\/ca\/","name":"PSC SVH","description":"El cambio que suma","publisher":{"@id":"https:\/\/pscsvh.com\/ca\/#organization"},"potentialAction":[{"@type":"SearchAction","target":{"@type":"EntryPoint","urlTemplate":"https:\/\/pscsvh.com\/ca\/?s={search_term_string}"},"query-input":{"@type":"PropertyValueSpecification","valueRequired":true,"valueName":"search_term_string"}}],"inLanguage":"ca"},{"@type":"Organization","@id":"https:\/\/pscsvh.com\/ca\/#organization","name":"PSC SVH","url":"https:\/\/pscsvh.com\/ca\/","logo":{"@type":"ImageObject","inLanguage":"ca","@id":"https:\/\/pscsvh.com\/ca\/#\/schema\/logo\/image\/","url":"https:\/\/pscsvh.com\/wp-content\/uploads\/2022\/06\/cropped-Logo_SVh2-300x158-1.png","contentUrl":"https:\/\/pscsvh.com\/wp-content\/uploads\/2022\/06\/cropped-Logo_SVh2-300x158-1.png","width":300,"height":158,"caption":"PSC SVH"},"image":{"@id":"https:\/\/pscsvh.com\/ca\/#\/schema\/logo\/image\/"}}]}},"_links":{"self":[{"href":"https:\/\/pscsvh.com\/ca\/wp-json\/wp\/v2\/pages\/2372","targetHints":{"allow":["GET"]}}],"collection":[{"href":"https:\/\/pscsvh.com\/ca\/wp-json\/wp\/v2\/pages"}],"about":[{"href":"https:\/\/pscsvh.com\/ca\/wp-json\/wp\/v2\/types\/page"}],"author":[{"embeddable":true,"href":"https:\/\/pscsvh.com\/ca\/wp-json\/wp\/v2\/users\/1"}],"replies":[{"embeddable":true,"href":"https:\/\/pscsvh.com\/ca\/wp-json\/wp\/v2\/comments?post=2372"}],"version-history":[{"count":2,"href":"https:\/\/pscsvh.com\/ca\/wp-json\/wp\/v2\/pages\/2372\/revisions"}],"predecessor-version":[{"id":2375,"href":"https:\/\/pscsvh.com\/ca\/wp-json\/wp\/v2\/pages\/2372\/revisions\/2375"}],"wp:attachment":[{"href":"https:\/\/pscsvh.com\/ca\/wp-json\/wp\/v2\/media?parent=2372"}],"curies":[{"name":"wp","href":"https:\/\/api.w.org\/{rel}","templated":true}]}}