{"id":2366,"date":"2022-04-05T18:42:32","date_gmt":"2022-04-05T16:42:32","guid":{"rendered":"https:\/\/pscsvh.com\/politica-de-privacitat\/"},"modified":"2022-06-03T19:37:54","modified_gmt":"2022-06-03T17:37:54","slug":"politica-de-privacitat","status":"publish","type":"page","link":"https:\/\/pscsvh.com\/ca\/politica-de-privacitat\/","title":{"rendered":"Pol\u00edtica de Privacitat"},"content":{"rendered":"\n<p>Les teves dades personals seran incorporats a un arxiu propietat del Partit dels Socialistes de Catalunya (PSC-PSOE).<\/p>\n\n<p>Mitjan\u00e7ant l&#8217;aportaci\u00f3 de les teves dades, donis el teu consentiment perqu\u00e8 siguin tractats amb la finalitat d&#8217;enviar-te per correu electr\u00f2nic o per tel\u00e8fon (incl\u00f2s SMS o altres serveis de missatgeria) informaci\u00f3 relacionada amb les seg\u00fcents q\u00fcestions relacionades amb l&#8217;actualitat pol\u00edtica de la ciutat de Barcelona, \u200b\u200bCatalunya i Espanya.<\/p>\n\n<p>Si ho desitges podr\u00e0s exercir els drets d&#8217;acc\u00e9s, rectificaci\u00f3, supressi\u00f3, cancel\u00b7laci\u00f3, limitaci\u00f3 al tractament, portabilitat i oposici\u00f3 comunicant-lo per escrit a Partit dels Socialistes de Catalunya (PSC-PSOE) c\/Rafael Casanova,195 08620 \u2013 Sant Vicen\u00e7 dels Horts o b\u00e9 per correu electr\u00f2nic santvicencdelshorts@socialistes.cat. Les teves dades no seran cedits a tercers ni transferits a cap pa\u00eds estranger, i es conservaran per termini indefinit.<\/p>\n\n<p>La informaci\u00f3 rebuda pel PSC a trav\u00e9s de la present p\u00e0gina Web ser\u00e0 tractada amb la m\u00e0xima reserva i confidencialitat. La informaci\u00f3 rebuda pel PSC a trav\u00e9s de l&#8217;A l&#8217;efecte del que es disposa en la Llei org\u00e0nica 15\/1999, de 13 de desembre, de Protecci\u00f3 de Dades de Car\u00e0cter Personal, el PSC informa l&#8217;usuari que les dades personals que es puguin facilitar a trav\u00e9s de qualsevol dels formularis Web s\u00f3n incorporats en el fitxer WEBS DEL PSC titularitat de la pr\u00f2pia entitat amb la finalitat d&#8217;atendre adequadament les inscripcions i\/o sol\u00b7licituds dels usuaris. El PSC podr\u00e0 utilitzar les dades identificatives i de contacte dels usuaris per a mantenir-los informats sobre les activitats del partit que puguin resultar del seu inter\u00e8s.<\/p>\n\n<p>Drets d&#8217;acc\u00e9s, rectificaci\u00f3, cancel\u00b7laci\u00f3 i oposici\u00f3 Per a exercitar els drets d&#8217;acc\u00e9s, rectificaci\u00f3, cancel\u00b7laci\u00f3 i oposici\u00f3 prevists en la Llei l&#8217;usuari pot dirigir-se per escrit al PSC, indicant ref. Protecci\u00f3 de dades o b\u00e9, per correu electr\u00f2nic a lopd@psc.cat., acreditant sempre degudament la seva identitat.<\/p>\n\n<p>Seguretat en el tractament, procediment inform\u00e0tic i cust\u00f2dia de dades: El PSC declara i garanteix que mant\u00e9 els nivells de seguretat de protecci\u00f3 de dades personals conforme al Reial decret 1720\/2007 de 21 de desembre, pel qual s&#8217;aprova el Reglament que desenvolupa la Llei org\u00e0nica 15\/199 de 13 de desembre, de protecci\u00f3 de dades de car\u00e0cter personal, que ha establert tots els mitjans t\u00e8cnics al seu abast per a evitar la p\u00e8rdua, mal, alteraci\u00f3, acc\u00e9s no autoritzat i robatori de les dades facilitades pels usuaris, sense perjudici d&#8217;informar que les mesures de seguretat en Internet no s\u00f3n inexpugnables.<\/p>\n","protected":false},"excerpt":{"rendered":"<p>Les teves dades personals seran incorporats a un arxiu propietat del Partit dels Socialistes de Catalunya (PSC-PSOE). Mitjan\u00e7ant l&#8217;aportaci\u00f3 de les teves dades, donis el teu consentiment perqu\u00e8 siguin tractats amb la finalitat d&#8217;enviar-te per correu electr\u00f2nic o per tel\u00e8fon (incl\u00f2s SMS o altres serveis de missatgeria) informaci\u00f3 relacionada amb les seg\u00fcents q\u00fcestions relacionades amb [&hellip;]<\/p>\n","protected":false},"author":1,"featured_media":0,"parent":0,"menu_order":0,"comment_status":"closed","ping_status":"closed","template":"","meta":{"_citadela_hide_page_title":"","_citadela_remove_header_space":"","_citadela_custom_class":"","_citadela_half_map_provider":"","_citadela_half_map_theme":"","_citadela_half_map_themeOSM":"","_citadela_half_map_customTheme":"","_citadela_half_map_dataType":"","_citadela_half_map_dynamicTrack":false,"_citadela_half_map_trackColor":"","_citadela_half_map_trackEndpointsColor":"","_citadela_half_map_filterCategory":"","_citadela_half_map_filterLocation":"","_citadela_half_map_filterFeatured":false,"_citadela_half_map_noDataBehavior":"empty-map","_citadela_half_map_noDataText":"","_citadela_half_map_clusterGridSize":80,"_citadela_header":false,"_citadela_header_over_content":false,"_citadela_header_text_color":"","_citadela_header_logo":[],"_citadela_header_bg_image":[],"_citadela_header_bg_position":[],"_citadela_header_bg_size":"","_citadela_header_bg_repeat":"","_citadela_header_bg_fixed":false,"_citadela_header_bg_color":"","_citadela_header_bg_image_overlay":"","_citadela_header_transparent_bg":false,"_citadela_content_width":"","_citadela_half_layout_position":"","footnotes":""},"class_list":["post-2366","page","type-page","status-publish","hentry"],"yoast_head":"<!-- This site is optimized with the Yoast SEO plugin v24.7 - https:\/\/yoast.com\/wordpress\/plugins\/seo\/ -->\n<title>Pol\u00edtica de Privacitat - PSC SVH<\/title>\n<meta name=\"robots\" content=\"index, follow, max-snippet:-1, max-image-preview:large, max-video-preview:-1\" \/>\n<link rel=\"canonical\" href=\"https:\/\/pscsvh.com\/ca\/politica-de-privacitat\/\" \/>\n<meta property=\"og:locale\" content=\"ca_ES\" \/>\n<meta property=\"og:type\" content=\"article\" \/>\n<meta property=\"og:title\" content=\"Pol\u00edtica de Privacitat - PSC SVH\" \/>\n<meta property=\"og:description\" content=\"Les teves dades personals seran incorporats a un arxiu propietat del Partit dels Socialistes de Catalunya (PSC-PSOE). Mitjan\u00e7ant l&#8217;aportaci\u00f3 de les teves dades, donis el teu consentiment perqu\u00e8 siguin tractats amb la finalitat d&#8217;enviar-te per correu electr\u00f2nic o per tel\u00e8fon (incl\u00f2s SMS o altres serveis de missatgeria) informaci\u00f3 relacionada amb les seg\u00fcents q\u00fcestions relacionades amb [&hellip;]\" \/>\n<meta property=\"og:url\" content=\"https:\/\/pscsvh.com\/ca\/politica-de-privacitat\/\" \/>\n<meta property=\"og:site_name\" content=\"PSC SVH\" \/>\n<meta property=\"article:modified_time\" content=\"2022-06-03T17:37:54+00:00\" \/>\n<meta name=\"twitter:card\" content=\"summary_large_image\" \/>\n<meta name=\"twitter:label1\" content=\"Temps estimat de lectura\" \/>\n\t<meta name=\"twitter:data1\" content=\"2 minuts\" \/>\n<script type=\"application\/ld+json\" class=\"yoast-schema-graph\">{\"@context\":\"https:\/\/schema.org\",\"@graph\":[{\"@type\":\"WebPage\",\"@id\":\"https:\/\/pscsvh.com\/ca\/politica-de-privacitat\/\",\"url\":\"https:\/\/pscsvh.com\/ca\/politica-de-privacitat\/\",\"name\":\"Pol\u00edtica de Privacitat - PSC SVH\",\"isPartOf\":{\"@id\":\"https:\/\/pscsvh.com\/ca\/#website\"},\"datePublished\":\"2022-04-05T16:42:32+00:00\",\"dateModified\":\"2022-06-03T17:37:54+00:00\",\"breadcrumb\":{\"@id\":\"https:\/\/pscsvh.com\/ca\/politica-de-privacitat\/#breadcrumb\"},\"inLanguage\":\"ca\",\"potentialAction\":[{\"@type\":\"ReadAction\",\"target\":[\"https:\/\/pscsvh.com\/ca\/politica-de-privacitat\/\"]}]},{\"@type\":\"BreadcrumbList\",\"@id\":\"https:\/\/pscsvh.com\/ca\/politica-de-privacitat\/#breadcrumb\",\"itemListElement\":[{\"@type\":\"ListItem\",\"position\":1,\"name\":\"Portada\",\"item\":\"https:\/\/pscsvh.com\/ca\/\"},{\"@type\":\"ListItem\",\"position\":2,\"name\":\"Pol\u00edtica de Privacitat\"}]},{\"@type\":\"WebSite\",\"@id\":\"https:\/\/pscsvh.com\/ca\/#website\",\"url\":\"https:\/\/pscsvh.com\/ca\/\",\"name\":\"PSC SVH\",\"description\":\"El cambio que suma\",\"publisher\":{\"@id\":\"https:\/\/pscsvh.com\/ca\/#organization\"},\"potentialAction\":[{\"@type\":\"SearchAction\",\"target\":{\"@type\":\"EntryPoint\",\"urlTemplate\":\"https:\/\/pscsvh.com\/ca\/?s={search_term_string}\"},\"query-input\":{\"@type\":\"PropertyValueSpecification\",\"valueRequired\":true,\"valueName\":\"search_term_string\"}}],\"inLanguage\":\"ca\"},{\"@type\":\"Organization\",\"@id\":\"https:\/\/pscsvh.com\/ca\/#organization\",\"name\":\"PSC SVH\",\"url\":\"https:\/\/pscsvh.com\/ca\/\",\"logo\":{\"@type\":\"ImageObject\",\"inLanguage\":\"ca\",\"@id\":\"https:\/\/pscsvh.com\/ca\/#\/schema\/logo\/image\/\",\"url\":\"https:\/\/pscsvh.com\/wp-content\/uploads\/2022\/06\/cropped-Logo_SVh2-300x158-1.png\",\"contentUrl\":\"https:\/\/pscsvh.com\/wp-content\/uploads\/2022\/06\/cropped-Logo_SVh2-300x158-1.png\",\"width\":300,\"height\":158,\"caption\":\"PSC SVH\"},\"image\":{\"@id\":\"https:\/\/pscsvh.com\/ca\/#\/schema\/logo\/image\/\"}}]}<\/script>\n<!-- \/ Yoast SEO plugin. -->","yoast_head_json":{"title":"Pol\u00edtica de Privacitat - PSC SVH","robots":{"index":"index","follow":"follow","max-snippet":"max-snippet:-1","max-image-preview":"max-image-preview:large","max-video-preview":"max-video-preview:-1"},"canonical":"https:\/\/pscsvh.com\/ca\/politica-de-privacitat\/","og_locale":"ca_ES","og_type":"article","og_title":"Pol\u00edtica de Privacitat - PSC SVH","og_description":"Les teves dades personals seran incorporats a un arxiu propietat del Partit dels Socialistes de Catalunya (PSC-PSOE). Mitjan\u00e7ant l&#8217;aportaci\u00f3 de les teves dades, donis el teu consentiment perqu\u00e8 siguin tractats amb la finalitat d&#8217;enviar-te per correu electr\u00f2nic o per tel\u00e8fon (incl\u00f2s SMS o altres serveis de missatgeria) informaci\u00f3 relacionada amb les seg\u00fcents q\u00fcestions relacionades amb [&hellip;]","og_url":"https:\/\/pscsvh.com\/ca\/politica-de-privacitat\/","og_site_name":"PSC SVH","article_modified_time":"2022-06-03T17:37:54+00:00","twitter_card":"summary_large_image","twitter_misc":{"Temps estimat de lectura":"2 minuts"},"schema":{"@context":"https:\/\/schema.org","@graph":[{"@type":"WebPage","@id":"https:\/\/pscsvh.com\/ca\/politica-de-privacitat\/","url":"https:\/\/pscsvh.com\/ca\/politica-de-privacitat\/","name":"Pol\u00edtica de Privacitat - PSC SVH","isPartOf":{"@id":"https:\/\/pscsvh.com\/ca\/#website"},"datePublished":"2022-04-05T16:42:32+00:00","dateModified":"2022-06-03T17:37:54+00:00","breadcrumb":{"@id":"https:\/\/pscsvh.com\/ca\/politica-de-privacitat\/#breadcrumb"},"inLanguage":"ca","potentialAction":[{"@type":"ReadAction","target":["https:\/\/pscsvh.com\/ca\/politica-de-privacitat\/"]}]},{"@type":"BreadcrumbList","@id":"https:\/\/pscsvh.com\/ca\/politica-de-privacitat\/#breadcrumb","itemListElement":[{"@type":"ListItem","position":1,"name":"Portada","item":"https:\/\/pscsvh.com\/ca\/"},{"@type":"ListItem","position":2,"name":"Pol\u00edtica de Privacitat"}]},{"@type":"WebSite","@id":"https:\/\/pscsvh.com\/ca\/#website","url":"https:\/\/pscsvh.com\/ca\/","name":"PSC SVH","description":"El cambio que suma","publisher":{"@id":"https:\/\/pscsvh.com\/ca\/#organization"},"potentialAction":[{"@type":"SearchAction","target":{"@type":"EntryPoint","urlTemplate":"https:\/\/pscsvh.com\/ca\/?s={search_term_string}"},"query-input":{"@type":"PropertyValueSpecification","valueRequired":true,"valueName":"search_term_string"}}],"inLanguage":"ca"},{"@type":"Organization","@id":"https:\/\/pscsvh.com\/ca\/#organization","name":"PSC SVH","url":"https:\/\/pscsvh.com\/ca\/","logo":{"@type":"ImageObject","inLanguage":"ca","@id":"https:\/\/pscsvh.com\/ca\/#\/schema\/logo\/image\/","url":"https:\/\/pscsvh.com\/wp-content\/uploads\/2022\/06\/cropped-Logo_SVh2-300x158-1.png","contentUrl":"https:\/\/pscsvh.com\/wp-content\/uploads\/2022\/06\/cropped-Logo_SVh2-300x158-1.png","width":300,"height":158,"caption":"PSC SVH"},"image":{"@id":"https:\/\/pscsvh.com\/ca\/#\/schema\/logo\/image\/"}}]}},"_links":{"self":[{"href":"https:\/\/pscsvh.com\/ca\/wp-json\/wp\/v2\/pages\/2366","targetHints":{"allow":["GET"]}}],"collection":[{"href":"https:\/\/pscsvh.com\/ca\/wp-json\/wp\/v2\/pages"}],"about":[{"href":"https:\/\/pscsvh.com\/ca\/wp-json\/wp\/v2\/types\/page"}],"author":[{"embeddable":true,"href":"https:\/\/pscsvh.com\/ca\/wp-json\/wp\/v2\/users\/1"}],"replies":[{"embeddable":true,"href":"https:\/\/pscsvh.com\/ca\/wp-json\/wp\/v2\/comments?post=2366"}],"version-history":[{"count":3,"href":"https:\/\/pscsvh.com\/ca\/wp-json\/wp\/v2\/pages\/2366\/revisions"}],"predecessor-version":[{"id":2370,"href":"https:\/\/pscsvh.com\/ca\/wp-json\/wp\/v2\/pages\/2366\/revisions\/2370"}],"wp:attachment":[{"href":"https:\/\/pscsvh.com\/ca\/wp-json\/wp\/v2\/media?parent=2366"}],"curies":[{"name":"wp","href":"https:\/\/api.w.org\/{rel}","templated":true}]}}