{"id":2346,"date":"2022-01-16T12:18:00","date_gmt":"2022-01-16T11:18:00","guid":{"rendered":"https:\/\/pscsvh.com\/tescolto\/"},"modified":"2023-04-14T19:04:37","modified_gmt":"2023-04-14T17:04:37","slug":"tescolto","status":"publish","type":"page","link":"https:\/\/pscsvh.com\/ca\/tescolto\/","title":{"rendered":"T&#8217;escolto"},"content":{"rendered":"\n<div class=\"wp-block-citadela-blocks-spacer citadela-block-spacer responsive-options loading hide-in-responsive\" data-block-attr=\"{\"desktop\":{\"height\":\"5vw\"},\"mobile\":{\"height\":\"0vw\"}}\" data-block-mobile-breakpoint=\"600\"><div class=\"inner-holder\" style=\"padding-top:5vw\"><\/div><\/div>\n\n\n\n<div style=\"height:30px\" aria-hidden=\"true\" class=\"wp-block-spacer\"><\/div>\n\n\n\n<div class=\"wp-block-citadela-blocks-custom-container citadela-block-custom-container size-wide bg-type-none inside-space-none\"><div class=\"inner-holder\">\n<div class=\"wp-block-columns is-layout-flex wp-container-core-columns-is-layout-9d6595d7 wp-block-columns-is-layout-flex\">\n<div class=\"wp-block-column is-layout-flow wp-block-column-is-layout-flow\"><div class=\"wp-block-image\">\n<figure class=\"aligncenter size-large\"><img loading=\"lazy\" decoding=\"async\" width=\"1024\" height=\"683\" src=\"https:\/\/pscsvh.com\/wp-content\/uploads\/2023\/04\/DSCF5311-1024x683.jpg\" alt=\"\" class=\"wp-image-5558\" srcset=\"https:\/\/pscsvh.com\/wp-content\/uploads\/2023\/04\/DSCF5311-1024x683.jpg 1024w, https:\/\/pscsvh.com\/wp-content\/uploads\/2023\/04\/DSCF5311-300x200.jpg 300w, https:\/\/pscsvh.com\/wp-content\/uploads\/2023\/04\/DSCF5311-768x512.jpg 768w, https:\/\/pscsvh.com\/wp-content\/uploads\/2023\/04\/DSCF5311-1536x1024.jpg 1536w, https:\/\/pscsvh.com\/wp-content\/uploads\/2023\/04\/DSCF5311-2048x1365.jpg 2048w\" sizes=\"auto, (max-width: 1024px) 100vw, 1024px\" \/><\/figure>\n<\/div><\/div>\n\n\n\n<div class=\"wp-block-column is-layout-flow wp-block-column-is-layout-flow\">\n<div class=\"wp-block-citadela-blocks-custom-container citadela-block-custom-container size-content bg-type-none inside-space-none\"><div class=\"inner-holder\">\n<div class=\"wp-block-citadela-blocks-spacer citadela-block-spacer responsive-options loading\" data-block-attr=\"{\"desktop\":{\"height\":\"0px\"},\"mobile\":{\"height\":\"20px\"}}\" data-block-mobile-breakpoint=\"600\"><div class=\"inner-holder\" style=\"padding-top:0px\"><\/div><\/div>\n\n\n\r\n        <div \r\n            class=\"citadela-block-page-title align-left\"\r\n                         \r\n        >\r\n            <div class=\"page-title custom\">\r\n                <header class=\"entry-header has-subtitle\" style=\"\">\r\n                    <div class=\"entry-header-wrap\">\r\n\r\n                        <h1 class=\"entry-title\" style=\"\">T&#8217;escolto<\/h1><div class=\"entry-subtitle\"><p class=\"ctdl-subtitle\" ><strong>Pots contactar amb mi omplint el formulari<\/strong><\/p><\/div>                    \r\n                    <\/div>\r\n                <\/header>\r\n            <\/div>\r\n        <\/div>\r\n\r\n        \n\n\n<p>Ens comprometem a treballar per la nostra ciutat i com a equip de govern, <strong>estem compromesos amb Sant Vicen\u00e7 i la seva gent.<\/strong> Tot i la pand\u00e8mia, no hem deixat de transformar la nostra ciutat prioritzant els aspectes de protecci\u00f3 social. Seguim treballant per millorar la vida de les vicentines i vicentins i per <strong>continuar fent de Sant Vicen\u00e7 dels Horts la Ciutat que suma<\/strong> .<\/p>\n<\/div><\/div>\n<\/div>\n<\/div>\n\n\n\n<div style=\"height:50px\" aria-hidden=\"true\" class=\"wp-block-spacer\"><\/div>\n\n\n\n<h2 class=\"wp-block-heading has-text-align-left\">Vull transformar Sant Vicen\u00e7 dels Horts a la Ciutat que Suma. <\/h2>\n\n\n\n<h2 class=\"wp-block-heading has-text-align-left\">Compto amb tu?<\/h2>\n\n\n\n<div style=\"height:50px\" aria-hidden=\"true\" class=\"wp-block-spacer\"><\/div>\n\n\n\n<h2 class=\"wp-block-heading has-text-align-right\" style=\"font-size:32px\"><em><strong>Miguel Comino<\/strong><\/em><\/h2>\n\n\n\n<div class=\"wp-block-columns is-layout-flex wp-container-core-columns-is-layout-9d6595d7 wp-block-columns-is-layout-flex\">\n<div class=\"wp-block-column is-layout-flow wp-block-column-is-layout-flow\" style=\"flex-basis:100%\"><div class=\"everest-forms\"><div class=\"evf-container default\" id=\"evf-2351\"><form id=\"evf-form-2351\" class=\"everest-form\" data-formid=\"2351\" data-ajax_submission=\"0\" data-keyboard_friendly_form=\"0\" method=\"post\" enctype=\"multipart\/form-data\" action=\"\/ca\/wp-json\/wp\/v2\/pages\/2346\"><div class=\"evf-title-container\"><div class=\"everest-forms--title\">T&#039;escoloto i responc<\/div><\/div><div class=\"evf-field-container\"><input type=\"hidden\" id=\"_wpnonce2351\" name=\"_wpnonce2351\" value=\"a0bc35f7d9\" \/><input type=\"hidden\" name=\"_wp_http_referer\" value=\"\/ca\/wp-json\/wp\/v2\/pages\/2346\" \/><div class=\"evf-frontend-row\" data-row=\"row_1\" conditional_rules=\"[]\"><div class=\"evf-frontend-grid evf-grid-1\" data-grid=\"grid_1\"><div id=\"evf-2351-field_tTqBtyTYbC-4-container\" class=\"evf-field evf-field-first-name form-row validate-required\" data-required-field-message=\"Este campo es obligatorio.\" data-field-id=\"tTqBtyTYbC-4\"><label class=\"evf-field-label\" for=\"evf-2351-field_tTqBtyTYbC-4\"><span class=\"evf-label\">Nom<\/span> <abbr class=\"required\" title=\"Required\">*<\/abbr><\/label><input type=\"text\" id=\"evf-2351-field_tTqBtyTYbC-4\" class=\"input-text\" name=\"everest_forms[form_fields][tTqBtyTYbC-4]\" required><\/div><div id=\"evf-2351-field_B510YTURfs-3-container\" class=\"evf-field evf-field-last-name form-row validate-required\" data-required-field-message=\"Este campo es obligatorio.\" data-field-id=\"B510YTURfs-3\"><label class=\"evf-field-label\" for=\"evf-2351-field_B510YTURfs-3\"><span class=\"evf-label\">Cognoms<\/span> <abbr class=\"required\" title=\"Required\">*<\/abbr><\/label><input type=\"text\" id=\"evf-2351-field_B510YTURfs-3\" class=\"input-text\" name=\"everest_forms[form_fields][B510YTURfs-3]\" required><\/div><div id=\"evf-2351-field_3CfsfdQNdo-5-container\" class=\"evf-field evf-field-email form-row validate-required validate-email\" data-required-field-message=\"Por favor, usa una direcci\u00f3n de correo electr\u00f3nico v\u00e1lida.\" data-field-id=\"3CfsfdQNdo-5\"><label class=\"evf-field-label\" for=\"evf-2351-field_3CfsfdQNdo-5\"><span class=\"evf-label\">Email<\/span> <abbr class=\"required\" title=\"Required\">*<\/abbr><\/label><input type=\"email\" id=\"evf-2351-field_3CfsfdQNdo-5\" class=\"input-text\" name=\"everest_forms[form_fields][3CfsfdQNdo-5]\" required ><\/div><div id=\"evf-2351-field_6TMbi1uYBx-2-container\" class=\"evf-field evf-field-number form-row validate-required\" data-required-field-message=\"Escribe un n\u00famero v\u00e1lido.\" data-field-id=\"6TMbi1uYBx-2\"><label class=\"evf-field-label\" for=\"evf-2351-field_6TMbi1uYBx-2\"><span class=\"evf-label\">Tel\u00e8fon<\/span> <abbr class=\"required\" title=\"Required\">*<\/abbr><\/label><input type=\"number\" id=\"evf-2351-field_6TMbi1uYBx-2\" class=\"input-text\" name=\"everest_forms[form_fields][6TMbi1uYBx-2]\" required\/><\/div><div id=\"evf-2351-field_Y93yJMWhqe-6-container\" class=\"evf-field evf-field-textarea form-row\" data-field-id=\"Y93yJMWhqe-6\"><label class=\"evf-field-label\" for=\"evf-2351-field_Y93yJMWhqe-6\"><span class=\"evf-label\">Qu\u00e8 vols dir-me?<\/span> <\/label><textarea id=\"evf-2351-field_Y93yJMWhqe-6\" class=\"input-text\" name=\"everest_forms[form_fields][Y93yJMWhqe-6]\"  ><\/textarea><\/div><div id=\"evf-2351-field_eveQ4SXlcm-7-container\" class=\"evf-field evf-field-checkbox form-row validate-required\" data-required-field-message=\"Este campo es obligatorio.\" data-field-id=\"eveQ4SXlcm-7\"><label class=\"evf-field-label\" for=\"evf-2351-field_eveQ4SXlcm-7\"><span class=\"evf-label\">Pol\u00edtica de privacitat<\/span> <abbr class=\"required\" title=\"Required\">*<\/abbr><\/label><ul id=\"evf-2351-field_eveQ4SXlcm-7\" class=\" evf-field-required\"><li class=\"choice-1 depth-1\"><input type=\"checkbox\" id=\"evf-2351-field_eveQ4SXlcm-7_1\" class=\"input-text\" name=\"everest_forms[form_fields][eveQ4SXlcm-7][]\" value=\"En enviar aquest formulari, accepto  &lt;a href=&quot;https:\/\/pscsvh.com\/ca\/avis-legal\/&quot; target=&quot;_blank&quot;&gt;l&#039;Av\u00eds legal&lt;\/a&gt; i la  &lt;a href=&quot;https:\/\/pscsvh.com\/ca\/politica-de-privacitat\/&quot; target=&quot;_blank&quot;&gt;Pol\u00edtica de privacitat&lt;\/a&gt;\" required ><label class=\"everest-forms-field-label-inline\" for=\"evf-2351-field_eveQ4SXlcm-7_1\">En enviar aquest formulari, accepto  <a href=\"https:\/\/pscsvh.com\/ca\/avis-legal\/\" target=\"_blank\">l&#8217;Av\u00eds legal<\/a> i la  <a href=\"https:\/\/pscsvh.com\/ca\/politica-de-privacitat\/\" target=\"_blank\">Pol\u00edtica de privacitat<\/a><\/label><\/li><\/ul><\/div><\/div><\/div><\/div><div class=\"evf-honeypot-container evf-field-hp\"><label for=\"evf-2351-field-hp\" class=\"evf-field-label\">Phone<\/label><input type=\"text\" name=\"everest_forms[hp]\" id=\"evf-2351-field-hp\" class=\"input-text\"><\/div><div class=\"evf-recaptcha-container recaptcha-hidden\" style=\"display:block\"><input type=\"hidden\" name=\"everest_forms[recaptcha]\" value=\"\"><\/div><div class=\"evf-submit-container \" ><input type=\"hidden\" name=\"everest_forms[id]\" value=\"2351\"><input type=\"hidden\" name=\"everest_forms[author]\" value=\"1\"><button type='submit' name='everest_forms[submit]' class='everest-forms-submit-button button evf-submit ' id='evf-submit-2351' value='evf-submit' data-process-text=\"Procesando...\" conditional_rules='&quot;&quot;' conditional_id='evf-submit-2351'  id=\"evf-submit-2351\" aria-live=\"assertive\">Enviar<\/button><\/div><\/form><\/div><!-- .evf-container --><\/div><\/div>\n<\/div>\n<\/div><\/div>\n\n\n\n<div class=\"wp-block-citadela-blocks-custom-container citadela-block-custom-container size-fullwidth bg-type-none inside-space-zero\"><div class=\"inner-holder\"><\/div><\/div>\n","protected":false},"excerpt":{"rendered":"","protected":false},"author":1,"featured_media":0,"parent":0,"menu_order":0,"comment_status":"closed","ping_status":"closed","template":"","meta":{"_citadela_hide_page_title":"1","_citadela_remove_header_space":"1","_citadela_custom_class":"","_citadela_half_map_provider":"","_citadela_half_map_theme":"","_citadela_half_map_themeOSM":"","_citadela_half_map_customTheme":"","_citadela_half_map_dataType":"","_citadela_half_map_dynamicTrack":false,"_citadela_half_map_trackColor":"","_citadela_half_map_trackEndpointsColor":"","_citadela_half_map_filterCategory":"","_citadela_half_map_filterLocation":"","_citadela_half_map_filterFeatured":false,"_citadela_half_map_noDataBehavior":"empty-map","_citadela_half_map_noDataText":"","_citadela_half_map_clusterGridSize":80,"_citadela_header":false,"_citadela_header_over_content":false,"_citadela_header_text_color":"","_citadela_header_logo":[],"_citadela_header_bg_image":[],"_citadela_header_bg_position":{"x":0.5,"y":0.5},"_citadela_header_bg_size":"cover","_citadela_header_bg_repeat":"no-repeat","_citadela_header_bg_fixed":false,"_citadela_header_bg_color":"","_citadela_header_bg_image_overlay":"","_citadela_header_transparent_bg":false,"_citadela_content_width":"","_citadela_half_layout_position":"","footnotes":""},"class_list":["post-2346","page","type-page","status-publish","hentry"],"yoast_head":"<!-- This site is optimized with the Yoast SEO plugin v24.7 - https:\/\/yoast.com\/wordpress\/plugins\/seo\/ -->\n<title>T&#039;escolto - PSC SVH<\/title>\n<meta name=\"robots\" content=\"index, follow, max-snippet:-1, max-image-preview:large, max-video-preview:-1\" \/>\n<link rel=\"canonical\" href=\"https:\/\/pscsvh.com\/ca\/tescolto\/\" \/>\n<meta property=\"og:locale\" content=\"ca_ES\" \/>\n<meta property=\"og:type\" content=\"article\" \/>\n<meta property=\"og:title\" content=\"T&#039;escolto - PSC SVH\" \/>\n<meta property=\"og:url\" content=\"https:\/\/pscsvh.com\/ca\/tescolto\/\" \/>\n<meta property=\"og:site_name\" content=\"PSC SVH\" \/>\n<meta property=\"article:modified_time\" content=\"2023-04-14T17:04:37+00:00\" \/>\n<meta property=\"og:image\" content=\"https:\/\/pscsvh.com\/wp-content\/uploads\/2023\/04\/DSCF5311-1024x683.jpg\" \/>\n<meta name=\"twitter:card\" content=\"summary_large_image\" \/>\n<meta name=\"twitter:label1\" content=\"Temps estimat de lectura\" \/>\n\t<meta name=\"twitter:data1\" content=\"1 minut\" \/>\n<script type=\"application\/ld+json\" class=\"yoast-schema-graph\">{\"@context\":\"https:\/\/schema.org\",\"@graph\":[{\"@type\":\"WebPage\",\"@id\":\"https:\/\/pscsvh.com\/ca\/tescolto\/\",\"url\":\"https:\/\/pscsvh.com\/ca\/tescolto\/\",\"name\":\"T'escolto - PSC SVH\",\"isPartOf\":{\"@id\":\"https:\/\/pscsvh.com\/ca\/#website\"},\"primaryImageOfPage\":{\"@id\":\"https:\/\/pscsvh.com\/ca\/tescolto\/#primaryimage\"},\"image\":{\"@id\":\"https:\/\/pscsvh.com\/ca\/tescolto\/#primaryimage\"},\"thumbnailUrl\":\"https:\/\/pscsvh.com\/wp-content\/uploads\/2023\/04\/DSCF5311-1024x683.jpg\",\"datePublished\":\"2022-01-16T11:18:00+00:00\",\"dateModified\":\"2023-04-14T17:04:37+00:00\",\"breadcrumb\":{\"@id\":\"https:\/\/pscsvh.com\/ca\/tescolto\/#breadcrumb\"},\"inLanguage\":\"ca\",\"potentialAction\":[{\"@type\":\"ReadAction\",\"target\":[\"https:\/\/pscsvh.com\/ca\/tescolto\/\"]}]},{\"@type\":\"ImageObject\",\"inLanguage\":\"ca\",\"@id\":\"https:\/\/pscsvh.com\/ca\/tescolto\/#primaryimage\",\"url\":\"https:\/\/pscsvh.com\/wp-content\/uploads\/2023\/04\/DSCF5311-1024x683.jpg\",\"contentUrl\":\"https:\/\/pscsvh.com\/wp-content\/uploads\/2023\/04\/DSCF5311-1024x683.jpg\"},{\"@type\":\"BreadcrumbList\",\"@id\":\"https:\/\/pscsvh.com\/ca\/tescolto\/#breadcrumb\",\"itemListElement\":[{\"@type\":\"ListItem\",\"position\":1,\"name\":\"Portada\",\"item\":\"https:\/\/pscsvh.com\/ca\/\"},{\"@type\":\"ListItem\",\"position\":2,\"name\":\"T&#8217;escolto\"}]},{\"@type\":\"WebSite\",\"@id\":\"https:\/\/pscsvh.com\/ca\/#website\",\"url\":\"https:\/\/pscsvh.com\/ca\/\",\"name\":\"PSC SVH\",\"description\":\"El cambio que suma\",\"publisher\":{\"@id\":\"https:\/\/pscsvh.com\/ca\/#organization\"},\"potentialAction\":[{\"@type\":\"SearchAction\",\"target\":{\"@type\":\"EntryPoint\",\"urlTemplate\":\"https:\/\/pscsvh.com\/ca\/?s={search_term_string}\"},\"query-input\":{\"@type\":\"PropertyValueSpecification\",\"valueRequired\":true,\"valueName\":\"search_term_string\"}}],\"inLanguage\":\"ca\"},{\"@type\":\"Organization\",\"@id\":\"https:\/\/pscsvh.com\/ca\/#organization\",\"name\":\"PSC SVH\",\"url\":\"https:\/\/pscsvh.com\/ca\/\",\"logo\":{\"@type\":\"ImageObject\",\"inLanguage\":\"ca\",\"@id\":\"https:\/\/pscsvh.com\/ca\/#\/schema\/logo\/image\/\",\"url\":\"https:\/\/pscsvh.com\/wp-content\/uploads\/2022\/06\/cropped-Logo_SVh2-300x158-1.png\",\"contentUrl\":\"https:\/\/pscsvh.com\/wp-content\/uploads\/2022\/06\/cropped-Logo_SVh2-300x158-1.png\",\"width\":300,\"height\":158,\"caption\":\"PSC SVH\"},\"image\":{\"@id\":\"https:\/\/pscsvh.com\/ca\/#\/schema\/logo\/image\/\"}}]}<\/script>\n<!-- \/ Yoast SEO plugin. -->","yoast_head_json":{"title":"T'escolto - PSC SVH","robots":{"index":"index","follow":"follow","max-snippet":"max-snippet:-1","max-image-preview":"max-image-preview:large","max-video-preview":"max-video-preview:-1"},"canonical":"https:\/\/pscsvh.com\/ca\/tescolto\/","og_locale":"ca_ES","og_type":"article","og_title":"T'escolto - PSC SVH","og_url":"https:\/\/pscsvh.com\/ca\/tescolto\/","og_site_name":"PSC SVH","article_modified_time":"2023-04-14T17:04:37+00:00","og_image":[{"url":"https:\/\/pscsvh.com\/wp-content\/uploads\/2023\/04\/DSCF5311-1024x683.jpg","type":"","width":"","height":""}],"twitter_card":"summary_large_image","twitter_misc":{"Temps estimat de lectura":"1 minut"},"schema":{"@context":"https:\/\/schema.org","@graph":[{"@type":"WebPage","@id":"https:\/\/pscsvh.com\/ca\/tescolto\/","url":"https:\/\/pscsvh.com\/ca\/tescolto\/","name":"T'escolto - PSC SVH","isPartOf":{"@id":"https:\/\/pscsvh.com\/ca\/#website"},"primaryImageOfPage":{"@id":"https:\/\/pscsvh.com\/ca\/tescolto\/#primaryimage"},"image":{"@id":"https:\/\/pscsvh.com\/ca\/tescolto\/#primaryimage"},"thumbnailUrl":"https:\/\/pscsvh.com\/wp-content\/uploads\/2023\/04\/DSCF5311-1024x683.jpg","datePublished":"2022-01-16T11:18:00+00:00","dateModified":"2023-04-14T17:04:37+00:00","breadcrumb":{"@id":"https:\/\/pscsvh.com\/ca\/tescolto\/#breadcrumb"},"inLanguage":"ca","potentialAction":[{"@type":"ReadAction","target":["https:\/\/pscsvh.com\/ca\/tescolto\/"]}]},{"@type":"ImageObject","inLanguage":"ca","@id":"https:\/\/pscsvh.com\/ca\/tescolto\/#primaryimage","url":"https:\/\/pscsvh.com\/wp-content\/uploads\/2023\/04\/DSCF5311-1024x683.jpg","contentUrl":"https:\/\/pscsvh.com\/wp-content\/uploads\/2023\/04\/DSCF5311-1024x683.jpg"},{"@type":"BreadcrumbList","@id":"https:\/\/pscsvh.com\/ca\/tescolto\/#breadcrumb","itemListElement":[{"@type":"ListItem","position":1,"name":"Portada","item":"https:\/\/pscsvh.com\/ca\/"},{"@type":"ListItem","position":2,"name":"T&#8217;escolto"}]},{"@type":"WebSite","@id":"https:\/\/pscsvh.com\/ca\/#website","url":"https:\/\/pscsvh.com\/ca\/","name":"PSC SVH","description":"El cambio que suma","publisher":{"@id":"https:\/\/pscsvh.com\/ca\/#organization"},"potentialAction":[{"@type":"SearchAction","target":{"@type":"EntryPoint","urlTemplate":"https:\/\/pscsvh.com\/ca\/?s={search_term_string}"},"query-input":{"@type":"PropertyValueSpecification","valueRequired":true,"valueName":"search_term_string"}}],"inLanguage":"ca"},{"@type":"Organization","@id":"https:\/\/pscsvh.com\/ca\/#organization","name":"PSC SVH","url":"https:\/\/pscsvh.com\/ca\/","logo":{"@type":"ImageObject","inLanguage":"ca","@id":"https:\/\/pscsvh.com\/ca\/#\/schema\/logo\/image\/","url":"https:\/\/pscsvh.com\/wp-content\/uploads\/2022\/06\/cropped-Logo_SVh2-300x158-1.png","contentUrl":"https:\/\/pscsvh.com\/wp-content\/uploads\/2022\/06\/cropped-Logo_SVh2-300x158-1.png","width":300,"height":158,"caption":"PSC SVH"},"image":{"@id":"https:\/\/pscsvh.com\/ca\/#\/schema\/logo\/image\/"}}]}},"_links":{"self":[{"href":"https:\/\/pscsvh.com\/ca\/wp-json\/wp\/v2\/pages\/2346","targetHints":{"allow":["GET"]}}],"collection":[{"href":"https:\/\/pscsvh.com\/ca\/wp-json\/wp\/v2\/pages"}],"about":[{"href":"https:\/\/pscsvh.com\/ca\/wp-json\/wp\/v2\/types\/page"}],"author":[{"embeddable":true,"href":"https:\/\/pscsvh.com\/ca\/wp-json\/wp\/v2\/users\/1"}],"replies":[{"embeddable":true,"href":"https:\/\/pscsvh.com\/ca\/wp-json\/wp\/v2\/comments?post=2346"}],"version-history":[{"count":10,"href":"https:\/\/pscsvh.com\/ca\/wp-json\/wp\/v2\/pages\/2346\/revisions"}],"predecessor-version":[{"id":5787,"href":"https:\/\/pscsvh.com\/ca\/wp-json\/wp\/v2\/pages\/2346\/revisions\/5787"}],"wp:attachment":[{"href":"https:\/\/pscsvh.com\/ca\/wp-json\/wp\/v2\/media?parent=2346"}],"curies":[{"name":"wp","href":"https:\/\/api.w.org\/{rel}","templated":true}]}}