{"id":2343,"date":"2022-01-29T09:31:00","date_gmt":"2022-01-29T08:31:00","guid":{"rendered":"https:\/\/pscsvh.com\/alcalde\/"},"modified":"2022-11-25T11:03:02","modified_gmt":"2022-11-25T10:03:02","slug":"alcalde","status":"publish","type":"page","link":"https:\/\/pscsvh.com\/ca\/alcalde\/","title":{"rendered":"Alcalde"},"content":{"rendered":"\n<div class=\"wp-block-citadela-blocks-custom-container citadela-block-custom-container size-content bg-type-image inside-space-none bg-size-cover has-overlay\"><div class=\"bg-image-wrapper\" style=\"background-image:url(https:\/\/pscsvh.com\/wp-content\/uploads\/2022\/04\/DSC_1327-scaled.jpg);background-repeat:no-repeat;background-position:54% 50%\"><\/div><div class=\"bg-image-overlay\" style=\"background-color:#ffffff;opacity:0.8\"><\/div><div class=\"inner-holder\">\n<div style=\"height:40px\" aria-hidden=\"true\" class=\"wp-block-spacer\"><\/div>\n\n\n\n<div class=\"wp-block-citadela-blocks-spacer citadela-block-spacer responsive-options loading hide-in-responsive\" data-block-attr=\"{\"desktop\":{\"height\":\"60px\"},\"mobile\":{\"height\":\"0px\"}}\" data-block-mobile-breakpoint=\"600\"><div class=\"inner-holder\" style=\"padding-top:60px\"><\/div><\/div>\n\n\n\n<h1 class=\"has-text-align-center wp-block-heading\">Miguel Comino<\/h1>\n\n\n\n<p class=\"has-text-align-center has-medium-font-size\"><em>Soc llicenciat en filosofia, diplomat en magisteri i m\u00e0ster en filosofia contempor\u00e0nia i pensament cl\u00e0ssic.<\/em> He treballat de mestre i educador a diferents centres. <\/p>\n\n\n\n<p class=\"has-text-align-center has-medium-font-size\">Des del 2019 s\u00f3c el teu alcalde<\/p>\n\n\n\n<hr class=\"wp-block-separator has-text-color has-css-opacity has-background\" style=\"background-color:#ffffff;color:#ffffff\"\/>\n\n\n\n<div style=\"height:40px\" aria-hidden=\"true\" class=\"wp-block-spacer\"><\/div>\n\n\n\n<div class=\"wp-block-citadela-blocks-spacer citadela-block-spacer responsive-options loading hide-in-responsive\" data-block-attr=\"{&quot;desktop&quot;:{&quot;height&quot;:&quot;60px&quot;},&quot;mobile&quot;:{&quot;height&quot;:&quot;0px&quot;}}\" data-block-mobile-breakpoint=\"600\"><div class=\"inner-holder\" style=\"padding-top:60px\"><\/div><\/div>\n<\/div><\/div>\n\n\n\n<div class=\"wp-block-citadela-blocks-spacer citadela-block-spacer responsive-options loading hide-in-responsive\" data-block-attr=\"{&quot;desktop&quot;:{&quot;height&quot;:&quot;100px&quot;},&quot;mobile&quot;:{&quot;height&quot;:&quot;40px&quot;}}\" data-block-mobile-breakpoint=\"600\"><div class=\"inner-holder\" style=\"padding-top:100px\"><\/div><\/div>\n\n\n\n<div class=\"wp-block-citadela-blocks-custom-container citadela-block-custom-container size-wide bg-type-none inside-space-none\"><div class=\"inner-holder\">\n<h2 class=\"has-text-align-center wp-block-heading\"><strong>Estic aqu\u00ed per treballar i continuar millorant el dia a dia dels vicentins i vicentines i per recuperar la for\u00e7a i la unitat.<\/strong> <\/h2>\n\n\n\n<h2 class=\"has-text-align-center wp-block-heading\">La soluci\u00f3 per a un Sant Vicen\u00e7 ha de partir millor d&#8217;una posici\u00f3 sensata i solvent: El PSC<\/h2>\n\n\n\n<h4 class=\"has-text-align-center wp-block-heading\"><strong><a href=\"http:\/\/www.socialistes.cat\/es\/pagina\/afiliats-i-afiliades\" target=\"_blank\" rel=\"noreferrer noopener\">Vols unir-te al nostre equip?<\/a><\/strong><\/h4>\n<\/div><\/div>\n\n\n\n<div style=\"height:40px\" aria-hidden=\"true\" class=\"wp-block-spacer\"><\/div>\n\n\n\n<div style=\"height:20px\" aria-hidden=\"true\" class=\"wp-block-spacer\"><\/div>\n\n\n\n<div class=\"wp-block-citadela-blocks-custom-container citadela-block-custom-container size-wide bg-type-image inside-space-none bg-size-cover has-overlay\"><div class=\"bg-image-wrapper\" style=\"background-image:url(https:\/\/pscsvh.com\/wp-content\/uploads\/2022\/05\/279317481_303247128655296_1488844445959171723_n.jpg);background-repeat:no-repeat;background-position:48% 51%\"><\/div><div class=\"bg-image-overlay\" style=\"background-color:#f6f1f1;opacity:0.92\"><\/div><div class=\"inner-holder\">\n<div class=\"wp-block-citadela-blocks-spacer citadela-block-spacer responsive-options loading hide-in-responsive\" data-block-attr=\"{\"desktop\":{\"height\":\"50px\"},\"mobile\":{\"height\":\"0px\"}}\" data-block-mobile-breakpoint=\"600\"><div class=\"inner-holder\" style=\"padding-top:50px\"><\/div><\/div>\n\n\n\n<div style=\"height:50px\" aria-hidden=\"true\" class=\"wp-block-spacer\"><\/div>\n\n\n\n<div class=\"wp-block-columns is-layout-flex wp-container-core-columns-is-layout-9d6595d7 wp-block-columns-is-layout-flex\">\n<div class=\"wp-block-column is-layout-flow wp-block-column-is-layout-flow\" style=\"flex-basis:33.33%\">\n<div class=\"wp-block-citadela-blocks-spacer citadela-block-spacer responsive-options loading hide-in-responsive\" data-block-attr=\"{\"desktop\":{\"height\":\"60px\"},\"mobile\":{\"height\":\"0px\"}}\" data-block-mobile-breakpoint=\"600\"><div class=\"inner-holder\" style=\"padding-top:60px\"><\/div><\/div>\n\n\n\n<h2 class=\"wp-block-heading\">Soc feminista<\/h2>\n\n\n\n<h5 class=\"wp-block-heading\"> Municipalisme, comprom\u00eds i respostes<\/h5>\n\n\n\n<div style=\"height:20px\" aria-hidden=\"true\" class=\"wp-block-spacer\"><\/div>\n\n\n\n<h5 class=\"wp-block-heading\"><strong>Principals valors<\/strong><\/h5>\n\n\n\n<ol class=\"wp-block-list\">\n<li>Igualtat<\/li>\n\n\n\n<li>Solidaritat<\/li>\n\n\n\n<li>Llibertat<\/li>\n<\/ol>\n\n\n\n<div style=\"height:30px\" aria-hidden=\"true\" class=\"wp-block-spacer\"><\/div>\n\n\n\n<h4 class=\"wp-block-heading\"> <em><strong>L&#8217;educaci\u00f3 \u00e9s la base de la democr\u00e0cia<\/strong><\/em><\/h4>\n\n\n\n<div class=\"wp-block-citadela-blocks-spacer citadela-block-spacer\"><div class=\"inner-holder\" style=\"padding-top:40px\"><\/div><\/div>\n<\/div>\n\n\n\n<div class=\"wp-block-column is-layout-flow wp-block-column-is-layout-flow\" style=\"flex-basis:66.66%\">\n<figure class=\"wp-block-gallery has-nested-images columns-2 is-cropped wp-block-gallery-1 is-layout-flex wp-block-gallery-is-layout-flex\">\n<figure class=\"wp-block-image size-full\"><img loading=\"lazy\" decoding=\"async\" width=\"960\" height=\"646\" data-id=\"2104\" src=\"https:\/\/pscsvh.com\/wp-content\/uploads\/2022\/05\/278907328_302145498765459_8838348599149273942_n.jpg\" alt=\"\" class=\"wp-image-2104\" srcset=\"https:\/\/pscsvh.com\/wp-content\/uploads\/2022\/05\/278907328_302145498765459_8838348599149273942_n.jpg 960w, https:\/\/pscsvh.com\/wp-content\/uploads\/2022\/05\/278907328_302145498765459_8838348599149273942_n-300x202.jpg 300w, https:\/\/pscsvh.com\/wp-content\/uploads\/2022\/05\/278907328_302145498765459_8838348599149273942_n-768x517.jpg 768w\" sizes=\"auto, (max-width: 960px) 100vw, 960px\" \/><\/figure>\n\n\n\n<figure class=\"wp-block-image size-full\"><img loading=\"lazy\" decoding=\"async\" width=\"960\" height=\"640\" data-id=\"2106\" src=\"https:\/\/pscsvh.com\/wp-content\/uploads\/2022\/05\/278580263_301657355480940_3298891562114921887_n.jpg\" alt=\"\" class=\"wp-image-2106\" srcset=\"https:\/\/pscsvh.com\/wp-content\/uploads\/2022\/05\/278580263_301657355480940_3298891562114921887_n.jpg 960w, https:\/\/pscsvh.com\/wp-content\/uploads\/2022\/05\/278580263_301657355480940_3298891562114921887_n-300x200.jpg 300w, https:\/\/pscsvh.com\/wp-content\/uploads\/2022\/05\/278580263_301657355480940_3298891562114921887_n-768x512.jpg 768w\" sizes=\"auto, (max-width: 960px) 100vw, 960px\" \/><\/figure>\n\n\n\n<figure class=\"wp-block-image size-large\"><img loading=\"lazy\" decoding=\"async\" width=\"1024\" height=\"682\" data-id=\"2108\" src=\"https:\/\/pscsvh.com\/wp-content\/uploads\/2022\/05\/279350774_303247028655306_4933720371052065137_n-1024x682.jpg\" alt=\"\" class=\"wp-image-2108\" srcset=\"https:\/\/pscsvh.com\/wp-content\/uploads\/2022\/05\/279350774_303247028655306_4933720371052065137_n-1024x682.jpg 1024w, https:\/\/pscsvh.com\/wp-content\/uploads\/2022\/05\/279350774_303247028655306_4933720371052065137_n-300x200.jpg 300w, https:\/\/pscsvh.com\/wp-content\/uploads\/2022\/05\/279350774_303247028655306_4933720371052065137_n-768x512.jpg 768w, https:\/\/pscsvh.com\/wp-content\/uploads\/2022\/05\/279350774_303247028655306_4933720371052065137_n-1536x1023.jpg 1536w, https:\/\/pscsvh.com\/wp-content\/uploads\/2022\/05\/279350774_303247028655306_4933720371052065137_n.jpg 1600w\" sizes=\"auto, (max-width: 1024px) 100vw, 1024px\" \/><\/figure>\n\n\n\n<figure class=\"wp-block-image size-full\"><img loading=\"lazy\" decoding=\"async\" width=\"960\" height=\"640\" data-id=\"2111\" src=\"https:\/\/pscsvh.com\/wp-content\/uploads\/2022\/05\/279229823_305982311715111_4970936684943097295_n.jpg\" alt=\"\" class=\"wp-image-2111\" srcset=\"https:\/\/pscsvh.com\/wp-content\/uploads\/2022\/05\/279229823_305982311715111_4970936684943097295_n.jpg 960w, https:\/\/pscsvh.com\/wp-content\/uploads\/2022\/05\/279229823_305982311715111_4970936684943097295_n-300x200.jpg 300w, https:\/\/pscsvh.com\/wp-content\/uploads\/2022\/05\/279229823_305982311715111_4970936684943097295_n-768x512.jpg 768w\" sizes=\"auto, (max-width: 960px) 100vw, 960px\" \/><\/figure>\n<\/figure>\n<\/div>\n<\/div>\n\n\n\n<div style=\"height:20px\" aria-hidden=\"true\" class=\"wp-block-spacer\"><\/div>\n\n\n\n<div class=\"wp-block-citadela-blocks-spacer citadela-block-spacer responsive-options loading hide-in-responsive\" data-block-attr=\"{\"desktop\":{\"height\":\"40px\"},\"mobile\":{\"height\":\"0px\"}}\" data-block-mobile-breakpoint=\"600\"><div class=\"inner-holder\" style=\"padding-top:40px\"><\/div><\/div>\n<\/div><\/div>\n\n\n\n<div style=\"height:42px\" aria-hidden=\"true\" class=\"wp-block-spacer\"><\/div>\n\n\n\n<h2 class=\"has-text-align-center wp-block-heading\"><strong>Miguel Comino a Xarxes<\/strong><\/h2>\n\n\n\n<p class=\"has-text-align-center has-medium-font-size\"> <\/p>\n\n\n\n<div class=\"wp-block-columns is-layout-flex wp-container-core-columns-is-layout-9d6595d7 wp-block-columns-is-layout-flex\">\n<div class=\"wp-block-column is-layout-flow wp-block-column-is-layout-flow\">\n<figure class=\"wp-block-image size-full\"><a href=\"https:\/\/www.instagram.com\/miguelcomino\/\"><img loading=\"lazy\" decoding=\"async\" width=\"150\" height=\"150\" src=\"https:\/\/pscsvh.com\/wp-content\/uploads\/2022\/05\/1.png\" alt=\"\" class=\"wp-image-2129\"\/><\/a><\/figure>\n<\/div>\n\n\n\n<div class=\"wp-block-column is-layout-flow wp-block-column-is-layout-flow\">\n<figure class=\"wp-block-image size-full\"><a href=\"https:\/\/www.facebook.com\/miguel.comino\/about\"><img loading=\"lazy\" decoding=\"async\" width=\"150\" height=\"150\" src=\"https:\/\/pscsvh.com\/wp-content\/uploads\/2022\/05\/2.png\" alt=\"\" class=\"wp-image-2131\"\/><\/a><\/figure>\n<\/div>\n\n\n\n<div class=\"wp-block-column is-layout-flow wp-block-column-is-layout-flow\"><\/div>\n<\/div>\n","protected":false},"excerpt":{"rendered":"<p>Miguel Comino a Xarxes<\/p>\n","protected":false},"author":1,"featured_media":0,"parent":0,"menu_order":0,"comment_status":"closed","ping_status":"closed","template":"","meta":{"_citadela_hide_page_title":"1","_citadela_remove_header_space":"1","_citadela_custom_class":"","_citadela_half_map_provider":"","_citadela_half_map_theme":"","_citadela_half_map_themeOSM":"","_citadela_half_map_customTheme":"","_citadela_half_map_dataType":"","_citadela_half_map_dynamicTrack":false,"_citadela_half_map_trackColor":"","_citadela_half_map_trackEndpointsColor":"","_citadela_half_map_filterCategory":"","_citadela_half_map_filterLocation":"","_citadela_half_map_filterFeatured":false,"_citadela_half_map_noDataBehavior":"empty-map","_citadela_half_map_noDataText":"","_citadela_half_map_clusterGridSize":80,"_citadela_header":false,"_citadela_header_over_content":false,"_citadela_header_text_color":"","_citadela_header_logo":[],"_citadela_header_bg_image":[],"_citadela_header_bg_position":{"x":0.5,"y":0.5},"_citadela_header_bg_size":"cover","_citadela_header_bg_repeat":"no-repeat","_citadela_header_bg_fixed":false,"_citadela_header_bg_color":"","_citadela_header_bg_image_overlay":"","_citadela_header_transparent_bg":false,"_citadela_content_width":"","_citadela_half_layout_position":"","footnotes":""},"class_list":["post-2343","page","type-page","status-publish","hentry"],"yoast_head":"<!-- This site is optimized with the Yoast SEO plugin v24.7 - https:\/\/yoast.com\/wordpress\/plugins\/seo\/ -->\n<title>Alcalde - PSC SVH<\/title>\n<meta name=\"robots\" content=\"index, follow, max-snippet:-1, max-image-preview:large, max-video-preview:-1\" \/>\n<link rel=\"canonical\" href=\"https:\/\/pscsvh.com\/ca\/alcalde\/\" \/>\n<meta property=\"og:locale\" content=\"ca_ES\" \/>\n<meta property=\"og:type\" content=\"article\" \/>\n<meta property=\"og:title\" content=\"Alcalde - PSC SVH\" \/>\n<meta property=\"og:description\" content=\"Miguel Comino a Xarxes\" \/>\n<meta property=\"og:url\" content=\"https:\/\/pscsvh.com\/ca\/alcalde\/\" \/>\n<meta property=\"og:site_name\" content=\"PSC SVH\" \/>\n<meta property=\"article:modified_time\" content=\"2022-11-25T10:03:02+00:00\" \/>\n<meta property=\"og:image\" content=\"https:\/\/pscsvh.com\/wp-content\/uploads\/2022\/05\/278907328_302145498765459_8838348599149273942_n.jpg\" \/>\n<meta name=\"twitter:card\" content=\"summary_large_image\" \/>\n<meta name=\"twitter:label1\" content=\"Temps estimat de lectura\" \/>\n\t<meta name=\"twitter:data1\" content=\"2 minuts\" \/>\n<script type=\"application\/ld+json\" class=\"yoast-schema-graph\">{\"@context\":\"https:\/\/schema.org\",\"@graph\":[{\"@type\":\"WebPage\",\"@id\":\"https:\/\/pscsvh.com\/ca\/alcalde\/\",\"url\":\"https:\/\/pscsvh.com\/ca\/alcalde\/\",\"name\":\"Alcalde - PSC SVH\",\"isPartOf\":{\"@id\":\"https:\/\/pscsvh.com\/ca\/#website\"},\"primaryImageOfPage\":{\"@id\":\"https:\/\/pscsvh.com\/ca\/alcalde\/#primaryimage\"},\"image\":{\"@id\":\"https:\/\/pscsvh.com\/ca\/alcalde\/#primaryimage\"},\"thumbnailUrl\":\"https:\/\/pscsvh.com\/wp-content\/uploads\/2022\/05\/278907328_302145498765459_8838348599149273942_n.jpg\",\"datePublished\":\"2022-01-29T08:31:00+00:00\",\"dateModified\":\"2022-11-25T10:03:02+00:00\",\"breadcrumb\":{\"@id\":\"https:\/\/pscsvh.com\/ca\/alcalde\/#breadcrumb\"},\"inLanguage\":\"ca\",\"potentialAction\":[{\"@type\":\"ReadAction\",\"target\":[\"https:\/\/pscsvh.com\/ca\/alcalde\/\"]}]},{\"@type\":\"ImageObject\",\"inLanguage\":\"ca\",\"@id\":\"https:\/\/pscsvh.com\/ca\/alcalde\/#primaryimage\",\"url\":\"https:\/\/pscsvh.com\/wp-content\/uploads\/2022\/05\/278907328_302145498765459_8838348599149273942_n.jpg\",\"contentUrl\":\"https:\/\/pscsvh.com\/wp-content\/uploads\/2022\/05\/278907328_302145498765459_8838348599149273942_n.jpg\"},{\"@type\":\"BreadcrumbList\",\"@id\":\"https:\/\/pscsvh.com\/ca\/alcalde\/#breadcrumb\",\"itemListElement\":[{\"@type\":\"ListItem\",\"position\":1,\"name\":\"Portada\",\"item\":\"https:\/\/pscsvh.com\/ca\/\"},{\"@type\":\"ListItem\",\"position\":2,\"name\":\"Alcalde\"}]},{\"@type\":\"WebSite\",\"@id\":\"https:\/\/pscsvh.com\/ca\/#website\",\"url\":\"https:\/\/pscsvh.com\/ca\/\",\"name\":\"PSC SVH\",\"description\":\"El cambio que suma\",\"publisher\":{\"@id\":\"https:\/\/pscsvh.com\/ca\/#organization\"},\"potentialAction\":[{\"@type\":\"SearchAction\",\"target\":{\"@type\":\"EntryPoint\",\"urlTemplate\":\"https:\/\/pscsvh.com\/ca\/?s={search_term_string}\"},\"query-input\":{\"@type\":\"PropertyValueSpecification\",\"valueRequired\":true,\"valueName\":\"search_term_string\"}}],\"inLanguage\":\"ca\"},{\"@type\":\"Organization\",\"@id\":\"https:\/\/pscsvh.com\/ca\/#organization\",\"name\":\"PSC SVH\",\"url\":\"https:\/\/pscsvh.com\/ca\/\",\"logo\":{\"@type\":\"ImageObject\",\"inLanguage\":\"ca\",\"@id\":\"https:\/\/pscsvh.com\/ca\/#\/schema\/logo\/image\/\",\"url\":\"https:\/\/pscsvh.com\/wp-content\/uploads\/2022\/06\/cropped-Logo_SVh2-300x158-1.png\",\"contentUrl\":\"https:\/\/pscsvh.com\/wp-content\/uploads\/2022\/06\/cropped-Logo_SVh2-300x158-1.png\",\"width\":300,\"height\":158,\"caption\":\"PSC SVH\"},\"image\":{\"@id\":\"https:\/\/pscsvh.com\/ca\/#\/schema\/logo\/image\/\"}}]}<\/script>\n<!-- \/ Yoast SEO plugin. -->","yoast_head_json":{"title":"Alcalde - PSC SVH","robots":{"index":"index","follow":"follow","max-snippet":"max-snippet:-1","max-image-preview":"max-image-preview:large","max-video-preview":"max-video-preview:-1"},"canonical":"https:\/\/pscsvh.com\/ca\/alcalde\/","og_locale":"ca_ES","og_type":"article","og_title":"Alcalde - PSC SVH","og_description":"Miguel Comino a Xarxes","og_url":"https:\/\/pscsvh.com\/ca\/alcalde\/","og_site_name":"PSC SVH","article_modified_time":"2022-11-25T10:03:02+00:00","og_image":[{"url":"https:\/\/pscsvh.com\/wp-content\/uploads\/2022\/05\/278907328_302145498765459_8838348599149273942_n.jpg","type":"","width":"","height":""}],"twitter_card":"summary_large_image","twitter_misc":{"Temps estimat de lectura":"2 minuts"},"schema":{"@context":"https:\/\/schema.org","@graph":[{"@type":"WebPage","@id":"https:\/\/pscsvh.com\/ca\/alcalde\/","url":"https:\/\/pscsvh.com\/ca\/alcalde\/","name":"Alcalde - PSC SVH","isPartOf":{"@id":"https:\/\/pscsvh.com\/ca\/#website"},"primaryImageOfPage":{"@id":"https:\/\/pscsvh.com\/ca\/alcalde\/#primaryimage"},"image":{"@id":"https:\/\/pscsvh.com\/ca\/alcalde\/#primaryimage"},"thumbnailUrl":"https:\/\/pscsvh.com\/wp-content\/uploads\/2022\/05\/278907328_302145498765459_8838348599149273942_n.jpg","datePublished":"2022-01-29T08:31:00+00:00","dateModified":"2022-11-25T10:03:02+00:00","breadcrumb":{"@id":"https:\/\/pscsvh.com\/ca\/alcalde\/#breadcrumb"},"inLanguage":"ca","potentialAction":[{"@type":"ReadAction","target":["https:\/\/pscsvh.com\/ca\/alcalde\/"]}]},{"@type":"ImageObject","inLanguage":"ca","@id":"https:\/\/pscsvh.com\/ca\/alcalde\/#primaryimage","url":"https:\/\/pscsvh.com\/wp-content\/uploads\/2022\/05\/278907328_302145498765459_8838348599149273942_n.jpg","contentUrl":"https:\/\/pscsvh.com\/wp-content\/uploads\/2022\/05\/278907328_302145498765459_8838348599149273942_n.jpg"},{"@type":"BreadcrumbList","@id":"https:\/\/pscsvh.com\/ca\/alcalde\/#breadcrumb","itemListElement":[{"@type":"ListItem","position":1,"name":"Portada","item":"https:\/\/pscsvh.com\/ca\/"},{"@type":"ListItem","position":2,"name":"Alcalde"}]},{"@type":"WebSite","@id":"https:\/\/pscsvh.com\/ca\/#website","url":"https:\/\/pscsvh.com\/ca\/","name":"PSC SVH","description":"El cambio que suma","publisher":{"@id":"https:\/\/pscsvh.com\/ca\/#organization"},"potentialAction":[{"@type":"SearchAction","target":{"@type":"EntryPoint","urlTemplate":"https:\/\/pscsvh.com\/ca\/?s={search_term_string}"},"query-input":{"@type":"PropertyValueSpecification","valueRequired":true,"valueName":"search_term_string"}}],"inLanguage":"ca"},{"@type":"Organization","@id":"https:\/\/pscsvh.com\/ca\/#organization","name":"PSC SVH","url":"https:\/\/pscsvh.com\/ca\/","logo":{"@type":"ImageObject","inLanguage":"ca","@id":"https:\/\/pscsvh.com\/ca\/#\/schema\/logo\/image\/","url":"https:\/\/pscsvh.com\/wp-content\/uploads\/2022\/06\/cropped-Logo_SVh2-300x158-1.png","contentUrl":"https:\/\/pscsvh.com\/wp-content\/uploads\/2022\/06\/cropped-Logo_SVh2-300x158-1.png","width":300,"height":158,"caption":"PSC SVH"},"image":{"@id":"https:\/\/pscsvh.com\/ca\/#\/schema\/logo\/image\/"}}]}},"_links":{"self":[{"href":"https:\/\/pscsvh.com\/ca\/wp-json\/wp\/v2\/pages\/2343","targetHints":{"allow":["GET"]}}],"collection":[{"href":"https:\/\/pscsvh.com\/ca\/wp-json\/wp\/v2\/pages"}],"about":[{"href":"https:\/\/pscsvh.com\/ca\/wp-json\/wp\/v2\/types\/page"}],"author":[{"embeddable":true,"href":"https:\/\/pscsvh.com\/ca\/wp-json\/wp\/v2\/users\/1"}],"replies":[{"embeddable":true,"href":"https:\/\/pscsvh.com\/ca\/wp-json\/wp\/v2\/comments?post=2343"}],"version-history":[{"count":3,"href":"https:\/\/pscsvh.com\/ca\/wp-json\/wp\/v2\/pages\/2343\/revisions"}],"predecessor-version":[{"id":4272,"href":"https:\/\/pscsvh.com\/ca\/wp-json\/wp\/v2\/pages\/2343\/revisions\/4272"}],"wp:attachment":[{"href":"https:\/\/pscsvh.com\/ca\/wp-json\/wp\/v2\/media?parent=2343"}],"curies":[{"name":"wp","href":"https:\/\/api.w.org\/{rel}","templated":true}]}}