{"id":2339,"date":"2022-01-25T10:09:00","date_gmt":"2022-01-25T09:09:00","guid":{"rendered":"https:\/\/pscsvh.com\/programa\/"},"modified":"2022-06-05T13:20:21","modified_gmt":"2022-06-05T11:20:21","slug":"programa","status":"publish","type":"page","link":"https:\/\/pscsvh.com\/ca\/programa\/","title":{"rendered":"Programa"},"content":{"rendered":"\n<div class=\"wp-block-citadela-blocks-custom-container citadela-block-custom-container size-fullwidth bg-type-image inside-space-none bg-size-cover has-overlay\"><div class=\"bg-image-wrapper\" style=\"background-image:url(https:\/\/pscsvh.com\/wp-content\/uploads\/2022\/05\/271720915_236002992046377_8543470568898960412_n.jpg);background-repeat:no-repeat;background-position:51% 61%\"><\/div><div class=\"bg-image-overlay\" style=\"background-color:#fffafe;opacity:0.64\"><\/div><div class=\"inner-holder\">\n<div style=\"height:60px\" aria-hidden=\"true\" class=\"wp-block-spacer\"><\/div>\n\n\n\n<div class=\"wp-block-citadela-blocks-spacer citadela-block-spacer responsive-options loading hide-in-responsive\" data-block-attr=\"{\"desktop\":{\"height\":\"40px\"},\"mobile\":{\"height\":\"0px\"}}\" data-block-mobile-breakpoint=\"600\"><div class=\"inner-holder\" style=\"padding-top:40px\"><\/div><\/div>\n\n\n\n<h1 class=\"has-text-align-center wp-block-heading\"><em><strong>Continuem treballant per un Sant Vicen\u00e7<\/strong><\/em> <strong>millor<\/strong><\/h1>\n\n\n\n<h2 class=\"has-text-align-center has-vivid-red-color has-text-color wp-block-heading\"><em>Encarem la segona meitat del mandat<\/em><\/h2>\n\n\n\n<hr class=\"wp-block-separator has-css-opacity\"\/>\n\n\n\n<div style=\"height:40px\" aria-hidden=\"true\" class=\"wp-block-spacer\"><\/div>\n\n\n\n<div class=\"wp-block-citadela-blocks-spacer citadela-block-spacer responsive-options loading hide-in-responsive\" data-block-attr=\"{\"desktop\":{\"height\":\"60px\"},\"mobile\":{\"height\":\"0px\"}}\" data-block-mobile-breakpoint=\"600\"><div class=\"inner-holder\" style=\"padding-top:60px\"><\/div><\/div>\n<\/div><\/div>\n\n<div style=\"height:60px\" aria-hidden=\"true\" class=\"wp-block-spacer\"><\/div>\n\n<div class=\"wp-block-citadela-blocks-spacer citadela-block-spacer responsive-options loading hide-in-responsive\" data-block-attr=\"{\"desktop\":{\"height\":\"40px\"},\"mobile\":{\"height\":\"0px\"}}\" data-block-mobile-breakpoint=\"600\"><div class=\"inner-holder\" style=\"padding-top:40px\"><\/div><\/div>\n\n<div class=\"wp-block-citadela-blocks-custom-container citadela-block-custom-container size-wide bg-type-none inside-space-none\"><div class=\"inner-holder\">\n<div class=\"wp-block-columns has-2-columns is-layout-flex wp-container-core-columns-is-layout-9d6595d7 wp-block-columns-is-layout-flex\">\n<div class=\"wp-block-column is-layout-flow wp-block-column-is-layout-flow\"><div class=\"wp-block-image\">\n<figure class=\"alignleft size-full\"><a href=\"https:\/\/pscsvh.com\/wp-content\/uploads\/2022\/04\/proyectos.png\"><img loading=\"lazy\" decoding=\"async\" width=\"1024\" height=\"690\" src=\"https:\/\/pscsvh.com\/wp-content\/uploads\/2022\/04\/proyectos.png\" alt=\"\" class=\"wp-image-2020\" srcset=\"https:\/\/pscsvh.com\/wp-content\/uploads\/2022\/04\/proyectos.png 1024w, https:\/\/pscsvh.com\/wp-content\/uploads\/2022\/04\/proyectos-300x202.png 300w, https:\/\/pscsvh.com\/wp-content\/uploads\/2022\/04\/proyectos-768x518.png 768w\" sizes=\"auto, (max-width: 1024px) 100vw, 1024px\" \/><\/a><\/figure>\n<\/div>\n\n\n<div class=\"wp-block-citadela-blocks-spacer citadela-block-spacer responsive-options loading hide-in-responsive\" data-block-attr=\"{\"desktop\":{\"height\":\"20px\"},\"mobile\":{\"height\":\"0px\"}}\" data-block-mobile-breakpoint=\"600\"><div class=\"inner-holder\" style=\"padding-top:20px\"><\/div><\/div>\n<\/div>\n\n\n\n<div class=\"wp-block-column is-layout-flow wp-block-column-is-layout-flow\">\n<div class=\"wp-block-citadela-blocks-spacer citadela-block-spacer responsive-options loading hide-in-responsive\" data-block-attr=\"{\"desktop\":{\"height\":\"30px\"},\"mobile\":{\"height\":\"0px\"}}\" data-block-mobile-breakpoint=\"600\"><div class=\"inner-holder\" style=\"padding-top:30px\"><\/div><\/div>\n\n\n\n<div class=\"wp-block-columns is-layout-flex wp-container-core-columns-is-layout-9d6595d7 wp-block-columns-is-layout-flex\">\n<div class=\"wp-block-column is-layout-flow wp-block-column-is-layout-flow\">\n<h3 class=\"has-text-align-left wp-block-heading\"><strong>Escales mec\u00e0niques a Sant Josep<\/strong><\/h3>\n\n\n\n<p> &#8230;<\/p>\n<\/div>\n\n\n\n<div class=\"wp-block-column is-layout-flow wp-block-column-is-layout-flow\">\n<div class=\"wp-block-citadela-blocks-spacer citadela-block-spacer\"><div class=\"inner-holder\" style=\"padding-top:20px\"><\/div><\/div>\n\n\n\n<div class=\"wp-block-buttons is-horizontal is-content-justification-center is-layout-flex wp-container-core-buttons-is-layout-499968f5 wp-block-buttons-is-layout-flex\">\n<div class=\"wp-block-button aligncenter\"><a class=\"wp-block-button__link has-vivid-red-background-color has-background\"> Saber m\u00e9s<\/a><\/div>\n<\/div>\n<\/div>\n<\/div>\n\n\n\n<ul class=\"wp-block-list\"><li>Es preveu tamb\u00e9 la creaci\u00f3 d&#8217;espais di\u00e0fans, rampes i zones verdes a tota l&#8217;\u00e0rea d&#8217;actuaci\u00f3.<\/li><\/ul>\n<\/div>\n<\/div>\n\n\n\n<div class=\"wp-block-columns is-layout-flex wp-container-core-columns-is-layout-9d6595d7 wp-block-columns-is-layout-flex\">\n<div class=\"wp-block-column is-layout-flow wp-block-column-is-layout-flow\">\n<div class=\"wp-block-citadela-blocks-spacer citadela-block-spacer responsive-options loading hide-in-responsive\" data-block-attr=\"{\"desktop\":{\"height\":\"30px\"},\"mobile\":{\"height\":\"0px\"}}\" data-block-mobile-breakpoint=\"600\"><div class=\"inner-holder\" style=\"padding-top:30px\"><\/div><\/div>\n\n\n<div class=\"wp-block-image\">\n<figure class=\"alignleft size-large\"><a href=\"https:\/\/pscsvh.com\/wp-content\/uploads\/2022\/05\/1.1.png\"><img loading=\"lazy\" decoding=\"async\" width=\"1024\" height=\"614\" src=\"https:\/\/pscsvh.com\/wp-content\/uploads\/2022\/05\/1.1-1024x614.png\" alt=\"\" class=\"wp-image-2271\" srcset=\"https:\/\/pscsvh.com\/wp-content\/uploads\/2022\/05\/1.1-1024x614.png 1024w, https:\/\/pscsvh.com\/wp-content\/uploads\/2022\/05\/1.1-300x180.png 300w, https:\/\/pscsvh.com\/wp-content\/uploads\/2022\/05\/1.1-768x461.png 768w, https:\/\/pscsvh.com\/wp-content\/uploads\/2022\/05\/1.1.png 1414w\" sizes=\"auto, (max-width: 1024px) 100vw, 1024px\" \/><\/a><\/figure>\n<\/div><\/div>\n\n\n\n<div class=\"wp-block-column is-layout-flow wp-block-column-is-layout-flow\">\n<div class=\"wp-block-citadela-blocks-spacer citadela-block-spacer responsive-options loading hide-in-responsive\" data-block-attr=\"{\"desktop\":{\"height\":\"30px\"},\"mobile\":{\"height\":\"0px\"}}\" data-block-mobile-breakpoint=\"600\"><div class=\"inner-holder\" style=\"padding-top:30px\"><\/div><\/div>\n\n\n\n<div class=\"wp-block-citadela-blocks-service citadela-block-service main-holder layout-list header-type-icon standard\"><div class=\"service-header\"><div class=\"service-icon\"><i class=\"fas fa-warehouse\" style=\"color:#fb0637\"><\/i><\/div><\/div><div class=\"service-content\"><div class=\"service-content-wrap\"><h3 class=\"service-title\">Urbanitzaci\u00f3 C\/Comer\u00e7<\/h3><p class=\"service-description\">Projecte de reurbanitzaci\u00f3 del carrer de Comer\u00e7. Aquesta zona es reformar\u00e0 per guanyar espai pels vianants.<\/p><\/div><\/div><\/div>\n\n\n\n<div class=\"wp-block-citadela-blocks-service citadela-block-service main-holder layout-list header-type-icon standard\"><div class=\"service-header\"><div class=\"service-icon\"><i class=\"fas fa-project-diagram\" style=\"color:#fe0235\"><\/i><\/div><\/div><div class=\"service-content\"><div class=\"service-content-wrap\"><h3 class=\"service-title\"> Projecte<\/h3><p class=\"service-description\">A la imatge es pot apreciar com quedar\u00e0 el carrer Comer\u00e7 una vegada reurbanitzat.<\/p><\/div><\/div><\/div>\n<\/div>\n<\/div>\n<\/div><\/div>\n\n<div class=\"wp-block-citadela-blocks-spacer citadela-block-spacer responsive-options loading hide-in-responsive\" data-block-attr=\"{\"desktop\":{\"height\":\"40px\"},\"mobile\":{\"height\":\"0px\"}}\" data-block-mobile-breakpoint=\"600\"><div class=\"inner-holder\" style=\"padding-top:40px\"><\/div><\/div>\n\n<div class=\"wp-block-citadela-blocks-custom-container citadela-block-custom-container size-wide bg-type-image inside-space-none bg-size-cover has-overlay\"><div class=\"bg-image-wrapper\" style=\"background-image:url(https:\/\/pscsvh.com\/wp-content\/uploads\/2022\/05\/271720915_236002992046377_8543470568898960412_n.jpg);background-repeat:no-repeat;background-position:61% 100%\"><\/div><div class=\"bg-image-overlay\" style=\"background-color:#52001d;opacity:0.78\"><\/div><div class=\"inner-holder\">\n<div style=\"height:40px\" aria-hidden=\"true\" class=\"wp-block-spacer\"><\/div>\n\n\n\n<div class=\"wp-block-citadela-blocks-spacer citadela-block-spacer responsive-options loading hide-in-responsive\" data-block-attr=\"{\"desktop\":{\"height\":\"60px\"},\"mobile\":{\"height\":\"0px\"}}\" data-block-mobile-breakpoint=\"600\"><div class=\"inner-holder\" style=\"padding-top:60px\"><\/div><\/div>\n\n\n\n<h1 class=\"has-text-align-center has-text-color wp-block-heading\" style=\"color:#edc1d0\"><em>Aquests dos anys no han estat gens f\u00e0cils. Tota la feina feta ha posat les persones sempre al centre de l&#8217;acci\u00f3 pol\u00edtica. <\/em><\/h1>\n\n\n\n<h1 class=\"has-text-align-center has-text-color wp-block-heading\" style=\"color:#edc1d0\"><em>Seguirem impulsant Sant Vicen\u00e7 cap al futur <\/em><\/h1>\n\n\n\n<div style=\"height:40px\" aria-hidden=\"true\" class=\"wp-block-spacer\"><\/div>\n\n\n\n<div class=\"wp-block-citadela-blocks-spacer citadela-block-spacer responsive-options loading hide-in-responsive\" data-block-attr=\"{\"desktop\":{\"height\":\"60px\"},\"mobile\":{\"height\":\"0px\"}}\" data-block-mobile-breakpoint=\"600\"><div class=\"inner-holder\" style=\"padding-top:60px\"><\/div><\/div>\n<\/div><\/div>\n\n<div class=\"wp-block-citadela-blocks-custom-container citadela-block-custom-container size-wide bg-type-none inside-space-none\"><div class=\"inner-holder\">\n<div style=\"height:20px\" aria-hidden=\"true\" class=\"wp-block-spacer\"><\/div>\n\n\n\n<div class=\"wp-block-citadela-blocks-spacer citadela-block-spacer responsive-options loading hide-in-responsive\" data-block-attr=\"{\"desktop\":{\"height\":\"60px\"},\"mobile\":{\"height\":\"0px\"}}\" data-block-mobile-breakpoint=\"600\"><div class=\"inner-holder\" style=\"padding-top:60px\"><\/div><\/div>\n\n\n\n<div class=\"wp-block-columns has-2-columns is-layout-flex wp-container-core-columns-is-layout-9d6595d7 wp-block-columns-is-layout-flex\">\n<div class=\"wp-block-column is-layout-flow wp-block-column-is-layout-flow\">\n<div style=\"height:30px\" aria-hidden=\"true\" class=\"wp-block-spacer\"><\/div>\n\n\n\n<h3 class=\"wp-block-heading\"><strong>Sincronitzaci\u00f3 semaf\u00f2rica<\/strong><\/h3>\n\n\n\n<p>La millora de la permeabilitat transversal a la carretera BV-2002 al seu pas per Sant Vicen\u00e7 dels Horts, que s&#8217;ha produ\u00eft gradualment aquests darrers anys, tot i permetre la millora en molts aspectes, ha propiciat la sensaci\u00f3 d&#8217;alentiment i p\u00e8rdua de capacitat al flux de vehicles. Temps de despla\u00e7aments massa elevats, interseccions no prou ben coordinades i, en general, una certa manca de qualitat en la capacitat per servir la demanda de tr\u00e0nsit de vehicles i vianants actuals, s\u00f3n aspectes que han propiciat la necessitat de realitzar actuacions de millora sobre la via.<\/p>\n\n\n\n<p><\/p>\n\n\n\n<p>En els darrers anys, s&#8217;ha treballat per diagnosticar amb exactitud les problem\u00e0tiques actuals i plantejar actuacions de baix cost i r\u00e0pid impacte que permetin millorar la situaci\u00f3 general de la carretera. Com a resultat daquests treballs previs, es planteja lexecuci\u00f3 del present projecte constructiu. Aquest t\u00e9 per objecte definir les actuacions de coordinaci\u00f3 i millora de les instal\u00b7lacions semaf\u00f2riques de la BV-2002, al seu pas per Sant Vicen\u00e7 dels Horts.<\/p>\n\n\n\n<p>Tot i que el projecte es planteja com una s\u00e8rie d&#8217;actuacions singulars associades a diferents creus, aquestes actuacions parteixen d&#8217;una globalitat funcional que permet aconseguir un funcionament general millor de la carretera.<\/p>\n<\/div>\n\n\n\n<div class=\"wp-block-column is-layout-flow wp-block-column-is-layout-flow\"><div class=\"wp-block-image\">\n<figure class=\"aligncenter size-full\"><img loading=\"lazy\" decoding=\"async\" width=\"699\" height=\"575\" src=\"https:\/\/pscsvh.com\/wp-content\/uploads\/2022\/05\/SEMAFORIZACION-2.jpg\" alt=\"\" class=\"wp-image-2144\" srcset=\"https:\/\/pscsvh.com\/wp-content\/uploads\/2022\/05\/SEMAFORIZACION-2.jpg 699w, https:\/\/pscsvh.com\/wp-content\/uploads\/2022\/05\/SEMAFORIZACION-2-300x247.jpg 300w\" sizes=\"auto, (max-width: 699px) 100vw, 699px\" \/><\/figure>\n<\/div><\/div>\n<\/div>\n\n\n\n<p><\/p>\n\n\n\n<div class=\"wp-block-citadela-blocks-spacer citadela-block-spacer responsive-options loading hide-in-responsive\" data-block-attr=\"{\"desktop\":{\"height\":\"20px\"},\"mobile\":{\"height\":\"0px\"}}\" data-block-mobile-breakpoint=\"600\"><div class=\"inner-holder\" style=\"padding-top:20px\"><\/div><\/div>\n\n\n\n<hr class=\"wp-block-separator has-css-opacity is-style-dots\"\/>\n\n\n\n<div style=\"height:40px\" aria-hidden=\"true\" class=\"wp-block-spacer\"><\/div>\n\n\n\n<p class=\"has-text-align-center\" style=\"font-size:27px\"> Ens comprometem a treballar per Sant Vicen\u00e7 i la seva gent i aix\u00ed ho estem fent. Tot i la Pand\u00e8mia, no hem deixat de transformar la nostra Ciutat, prioritzant els aspectes de protecci\u00f3 social. <\/p>\n\n\n\n<div style=\"height:20px\" aria-hidden=\"true\" class=\"wp-block-spacer\"><\/div>\n\n\n\n<p class=\"has-text-align-center has-vivid-red-color has-text-color\" style=\"font-size:23px\"><strong>Seguirem treballant per continuar fent de Sant Vicen\u00e7 dels Horts la Ciutat que suma<\/strong><\/p>\n\n\n\n<div class=\"wp-block-citadela-blocks-spacer citadela-block-spacer responsive-options loading hide-in-responsive\" data-block-attr=\"{\"desktop\":{\"height\":\"60px\"},\"mobile\":{\"height\":\"0px\"}}\" data-block-mobile-breakpoint=\"600\"><div class=\"inner-holder\" style=\"padding-top:60px\"><\/div><\/div>\n\n\n\n<blockquote class=\"wp-block-quote is-layout-flow wp-block-quote-is-layout-flow\"><p>Negociaci\u00f3 amb Endesa per millorar les instal\u00b7lacions a Sant Vicen\u00e7 dels Horts.<\/p><cite>Treball fet<\/cite><\/blockquote>\n\n\n\n<blockquote class=\"wp-block-quote is-layout-flow wp-block-quote-is-layout-flow\"><p>Continuem amb el comprom\u00eds de tenir completa la plantilla de la Policia Local.<\/p><cite>Treball fet<\/cite><\/blockquote>\n\n\n\n<blockquote class=\"wp-block-quote is-layout-flow wp-block-quote-is-layout-flow\"><p>Implantaci\u00f3 de punts liles a totes les festes nocturnes organitzades per l&#8217;Ajuntament.<\/p><cite>Treball fet<\/cite><\/blockquote>\n\n\n\n<blockquote class=\"wp-block-quote is-layout-flow wp-block-quote-is-layout-flow\"><p>S&#8217;ha creat una borsa de terres per posar en contacte l&#8217;oferta i la demanda de les terres agr\u00edcoles.<\/p><cite>Treball fet<\/cite><\/blockquote>\n\n\n\n<blockquote class=\"wp-block-quote is-layout-flow wp-block-quote-is-layout-flow\"><p>Disposem de nous camions de recollida selectiva i neteja vi\u00e0ria m\u00e9s eficients.<\/p><cite>Treball fet<\/cite><\/blockquote>\n\n\n\n<blockquote class=\"wp-block-quote is-layout-flow wp-block-quote-is-layout-flow\"><p>Creat el servei datenci\u00f3 i informaci\u00f3 per a persones LGTBI.<\/p><cite>Treball fet<\/cite><\/blockquote>\n\n\n\n<blockquote class=\"wp-block-quote is-layout-flow wp-block-quote-is-layout-flow\"><p>Hem patit la Pand\u00e8mia per la Covid19, per\u00f2 hem estat a prop dels nostres majors, amb les Resid\u00e8ncies, la Xarxa de Voluntariat Ciutad\u00e0, desinfectant els barris, incrementant les ajudes al Banc d&#8217;Aliments i amb una s\u00e8rie d&#8217;ajudes extraordin\u00e0ries al comer\u00e7 local.<\/p><cite>Treball fet<\/cite><\/blockquote>\n\n\n\n<blockquote class=\"wp-block-quote is-layout-flow wp-block-quote-is-layout-flow\"><p>Aparcament al carrer Benicarl\u00f3, amb senyalitzaci\u00f3, gual i control de g\u00e0lib.<\/p><cite>Treball fet<\/cite><\/blockquote>\n\n\n\n<blockquote class=\"wp-block-quote is-layout-flow wp-block-quote-is-layout-flow\"><p>S&#8217;han modernitzat les instal\u00b7lacions esportives de la ciutat i han estat m\u00e9s sostenibles. Canvi d&#8217;il\u00b7luminaci\u00f3 a LED al Camp de Futbol de la Barruana.<\/p><cite>Treball fet<\/cite><\/blockquote>\n\n\n\n<blockquote class=\"wp-block-quote is-layout-flow wp-block-quote-is-layout-flow\"><p>Instal\u00b7laci\u00f3 d&#8217;una estructura d&#8217;ombres a la Piscina d&#8217;Estiu La Blava.<\/p><cite>Treball fet<\/cite><\/blockquote>\n\n\n\n<blockquote class=\"wp-block-quote is-layout-flow wp-block-quote-is-layout-flow\"><p>Nova zona d&#8217;aparcament i lleure entre el carrer Osca i el carrer Llacuna.<\/p><cite>Treball fet<\/cite><\/blockquote>\n\n\n\n<blockquote class=\"wp-block-quote is-layout-flow wp-block-quote-is-layout-flow\"><p>Amb la remunicipalitzaci\u00f3 del manteniment del mobiliari urb\u00e0, s&#8217;han renovat els jocs infantils al Parc de la Funeria, al Poliesportiu Sant Josep i al carrer d&#8217;Alcal\u00e0, entre d&#8217;altres.<\/p><cite>Treball fet<\/cite><\/blockquote>\n<\/div><\/div>\n","protected":false},"excerpt":{"rendered":"","protected":false},"author":1,"featured_media":0,"parent":0,"menu_order":0,"comment_status":"closed","ping_status":"closed","template":"","meta":{"_citadela_hide_page_title":"1","_citadela_remove_header_space":"1","_citadela_custom_class":"","_citadela_half_map_provider":"","_citadela_half_map_theme":"","_citadela_half_map_themeOSM":"","_citadela_half_map_customTheme":"","_citadela_half_map_dataType":"","_citadela_half_map_dynamicTrack":false,"_citadela_half_map_trackColor":"","_citadela_half_map_trackEndpointsColor":"","_citadela_half_map_filterCategory":"","_citadela_half_map_filterLocation":"","_citadela_half_map_filterFeatured":false,"_citadela_half_map_noDataBehavior":"empty-map","_citadela_half_map_noDataText":"","_citadela_half_map_clusterGridSize":80,"_citadela_header":false,"_citadela_header_over_content":false,"_citadela_header_text_color":"","_citadela_header_logo":[],"_citadela_header_bg_image":[],"_citadela_header_bg_position":{"x":0.5,"y":0.5},"_citadela_header_bg_size":"cover","_citadela_header_bg_repeat":"no-repeat","_citadela_header_bg_fixed":false,"_citadela_header_bg_color":"","_citadela_header_bg_image_overlay":"","_citadela_header_transparent_bg":false,"_citadela_content_width":"","_citadela_half_layout_position":"","footnotes":""},"class_list":["post-2339","page","type-page","status-publish","hentry"],"yoast_head":"<!-- This site is optimized with the Yoast SEO plugin v24.7 - https:\/\/yoast.com\/wordpress\/plugins\/seo\/ -->\n<title>Programa - PSC SVH<\/title>\n<meta name=\"robots\" content=\"index, follow, max-snippet:-1, max-image-preview:large, max-video-preview:-1\" \/>\n<link rel=\"canonical\" href=\"https:\/\/pscsvh.com\/ca\/programa\/\" \/>\n<meta property=\"og:locale\" content=\"ca_ES\" \/>\n<meta property=\"og:type\" content=\"article\" \/>\n<meta property=\"og:title\" content=\"Programa - PSC SVH\" \/>\n<meta property=\"og:url\" content=\"https:\/\/pscsvh.com\/ca\/programa\/\" \/>\n<meta property=\"og:site_name\" content=\"PSC SVH\" \/>\n<meta property=\"article:modified_time\" content=\"2022-06-05T11:20:21+00:00\" \/>\n<meta property=\"og:image\" content=\"https:\/\/pscsvh.com\/wp-content\/uploads\/2022\/04\/proyectos.png\" \/>\n<meta name=\"twitter:card\" content=\"summary_large_image\" \/>\n<meta name=\"twitter:label1\" content=\"Temps estimat de lectura\" \/>\n\t<meta name=\"twitter:data1\" content=\"4 minuts\" \/>\n<script type=\"application\/ld+json\" class=\"yoast-schema-graph\">{\"@context\":\"https:\/\/schema.org\",\"@graph\":[{\"@type\":\"WebPage\",\"@id\":\"https:\/\/pscsvh.com\/ca\/programa\/\",\"url\":\"https:\/\/pscsvh.com\/ca\/programa\/\",\"name\":\"Programa - PSC SVH\",\"isPartOf\":{\"@id\":\"https:\/\/pscsvh.com\/ca\/#website\"},\"primaryImageOfPage\":{\"@id\":\"https:\/\/pscsvh.com\/ca\/programa\/#primaryimage\"},\"image\":{\"@id\":\"https:\/\/pscsvh.com\/ca\/programa\/#primaryimage\"},\"thumbnailUrl\":\"https:\/\/pscsvh.com\/wp-content\/uploads\/2022\/04\/proyectos.png\",\"datePublished\":\"2022-01-25T09:09:00+00:00\",\"dateModified\":\"2022-06-05T11:20:21+00:00\",\"breadcrumb\":{\"@id\":\"https:\/\/pscsvh.com\/ca\/programa\/#breadcrumb\"},\"inLanguage\":\"ca\",\"potentialAction\":[{\"@type\":\"ReadAction\",\"target\":[\"https:\/\/pscsvh.com\/ca\/programa\/\"]}]},{\"@type\":\"ImageObject\",\"inLanguage\":\"ca\",\"@id\":\"https:\/\/pscsvh.com\/ca\/programa\/#primaryimage\",\"url\":\"https:\/\/pscsvh.com\/wp-content\/uploads\/2022\/04\/proyectos.png\",\"contentUrl\":\"https:\/\/pscsvh.com\/wp-content\/uploads\/2022\/04\/proyectos.png\"},{\"@type\":\"BreadcrumbList\",\"@id\":\"https:\/\/pscsvh.com\/ca\/programa\/#breadcrumb\",\"itemListElement\":[{\"@type\":\"ListItem\",\"position\":1,\"name\":\"Portada\",\"item\":\"https:\/\/pscsvh.com\/ca\/\"},{\"@type\":\"ListItem\",\"position\":2,\"name\":\"Programa\"}]},{\"@type\":\"WebSite\",\"@id\":\"https:\/\/pscsvh.com\/ca\/#website\",\"url\":\"https:\/\/pscsvh.com\/ca\/\",\"name\":\"PSC SVH\",\"description\":\"El cambio que suma\",\"publisher\":{\"@id\":\"https:\/\/pscsvh.com\/ca\/#organization\"},\"potentialAction\":[{\"@type\":\"SearchAction\",\"target\":{\"@type\":\"EntryPoint\",\"urlTemplate\":\"https:\/\/pscsvh.com\/ca\/?s={search_term_string}\"},\"query-input\":{\"@type\":\"PropertyValueSpecification\",\"valueRequired\":true,\"valueName\":\"search_term_string\"}}],\"inLanguage\":\"ca\"},{\"@type\":\"Organization\",\"@id\":\"https:\/\/pscsvh.com\/ca\/#organization\",\"name\":\"PSC SVH\",\"url\":\"https:\/\/pscsvh.com\/ca\/\",\"logo\":{\"@type\":\"ImageObject\",\"inLanguage\":\"ca\",\"@id\":\"https:\/\/pscsvh.com\/ca\/#\/schema\/logo\/image\/\",\"url\":\"https:\/\/pscsvh.com\/wp-content\/uploads\/2022\/06\/cropped-Logo_SVh2-300x158-1.png\",\"contentUrl\":\"https:\/\/pscsvh.com\/wp-content\/uploads\/2022\/06\/cropped-Logo_SVh2-300x158-1.png\",\"width\":300,\"height\":158,\"caption\":\"PSC SVH\"},\"image\":{\"@id\":\"https:\/\/pscsvh.com\/ca\/#\/schema\/logo\/image\/\"}}]}<\/script>\n<!-- \/ Yoast SEO plugin. -->","yoast_head_json":{"title":"Programa - PSC SVH","robots":{"index":"index","follow":"follow","max-snippet":"max-snippet:-1","max-image-preview":"max-image-preview:large","max-video-preview":"max-video-preview:-1"},"canonical":"https:\/\/pscsvh.com\/ca\/programa\/","og_locale":"ca_ES","og_type":"article","og_title":"Programa - PSC SVH","og_url":"https:\/\/pscsvh.com\/ca\/programa\/","og_site_name":"PSC SVH","article_modified_time":"2022-06-05T11:20:21+00:00","og_image":[{"url":"https:\/\/pscsvh.com\/wp-content\/uploads\/2022\/04\/proyectos.png","type":"","width":"","height":""}],"twitter_card":"summary_large_image","twitter_misc":{"Temps estimat de lectura":"4 minuts"},"schema":{"@context":"https:\/\/schema.org","@graph":[{"@type":"WebPage","@id":"https:\/\/pscsvh.com\/ca\/programa\/","url":"https:\/\/pscsvh.com\/ca\/programa\/","name":"Programa - PSC SVH","isPartOf":{"@id":"https:\/\/pscsvh.com\/ca\/#website"},"primaryImageOfPage":{"@id":"https:\/\/pscsvh.com\/ca\/programa\/#primaryimage"},"image":{"@id":"https:\/\/pscsvh.com\/ca\/programa\/#primaryimage"},"thumbnailUrl":"https:\/\/pscsvh.com\/wp-content\/uploads\/2022\/04\/proyectos.png","datePublished":"2022-01-25T09:09:00+00:00","dateModified":"2022-06-05T11:20:21+00:00","breadcrumb":{"@id":"https:\/\/pscsvh.com\/ca\/programa\/#breadcrumb"},"inLanguage":"ca","potentialAction":[{"@type":"ReadAction","target":["https:\/\/pscsvh.com\/ca\/programa\/"]}]},{"@type":"ImageObject","inLanguage":"ca","@id":"https:\/\/pscsvh.com\/ca\/programa\/#primaryimage","url":"https:\/\/pscsvh.com\/wp-content\/uploads\/2022\/04\/proyectos.png","contentUrl":"https:\/\/pscsvh.com\/wp-content\/uploads\/2022\/04\/proyectos.png"},{"@type":"BreadcrumbList","@id":"https:\/\/pscsvh.com\/ca\/programa\/#breadcrumb","itemListElement":[{"@type":"ListItem","position":1,"name":"Portada","item":"https:\/\/pscsvh.com\/ca\/"},{"@type":"ListItem","position":2,"name":"Programa"}]},{"@type":"WebSite","@id":"https:\/\/pscsvh.com\/ca\/#website","url":"https:\/\/pscsvh.com\/ca\/","name":"PSC SVH","description":"El cambio que suma","publisher":{"@id":"https:\/\/pscsvh.com\/ca\/#organization"},"potentialAction":[{"@type":"SearchAction","target":{"@type":"EntryPoint","urlTemplate":"https:\/\/pscsvh.com\/ca\/?s={search_term_string}"},"query-input":{"@type":"PropertyValueSpecification","valueRequired":true,"valueName":"search_term_string"}}],"inLanguage":"ca"},{"@type":"Organization","@id":"https:\/\/pscsvh.com\/ca\/#organization","name":"PSC SVH","url":"https:\/\/pscsvh.com\/ca\/","logo":{"@type":"ImageObject","inLanguage":"ca","@id":"https:\/\/pscsvh.com\/ca\/#\/schema\/logo\/image\/","url":"https:\/\/pscsvh.com\/wp-content\/uploads\/2022\/06\/cropped-Logo_SVh2-300x158-1.png","contentUrl":"https:\/\/pscsvh.com\/wp-content\/uploads\/2022\/06\/cropped-Logo_SVh2-300x158-1.png","width":300,"height":158,"caption":"PSC SVH"},"image":{"@id":"https:\/\/pscsvh.com\/ca\/#\/schema\/logo\/image\/"}}]}},"_links":{"self":[{"href":"https:\/\/pscsvh.com\/ca\/wp-json\/wp\/v2\/pages\/2339","targetHints":{"allow":["GET"]}}],"collection":[{"href":"https:\/\/pscsvh.com\/ca\/wp-json\/wp\/v2\/pages"}],"about":[{"href":"https:\/\/pscsvh.com\/ca\/wp-json\/wp\/v2\/types\/page"}],"author":[{"embeddable":true,"href":"https:\/\/pscsvh.com\/ca\/wp-json\/wp\/v2\/users\/1"}],"replies":[{"embeddable":true,"href":"https:\/\/pscsvh.com\/ca\/wp-json\/wp\/v2\/comments?post=2339"}],"version-history":[{"count":4,"href":"https:\/\/pscsvh.com\/ca\/wp-json\/wp\/v2\/pages\/2339\/revisions"}],"predecessor-version":[{"id":2553,"href":"https:\/\/pscsvh.com\/ca\/wp-json\/wp\/v2\/pages\/2339\/revisions\/2553"}],"wp:attachment":[{"href":"https:\/\/pscsvh.com\/ca\/wp-json\/wp\/v2\/media?parent=2339"}],"curies":[{"name":"wp","href":"https:\/\/api.w.org\/{rel}","templated":true}]}}